{"id":10,"date":"2016-05-24T16:18:48","date_gmt":"2016-05-24T14:18:48","guid":{"rendered":"https:\/\/141801-www.web.tornado-node.net\/?page_id=10"},"modified":"2023-06-07T17:39:53","modified_gmt":"2023-06-07T15:39:53","slug":"om-skabra","status":"publish","type":"page","link":"https:\/\/www.skabra.no\/?page_id=10","title":{"rendered":"Om SkaBra"},"content":{"rendered":"<p><strong>SKABRA<\/strong> sitt hovedform\u00e5l er \u00e5 fungere som en samlende paraplyorganisasjon for skadedyrbransjen. Vi vil arbeide for \u00f8kt kompetanse og bedre metoder.\u00a0S\u00e6rlig skal det arbeides for trygge og milj\u00f8vennlige metoder. Vi vil legge vekt p\u00e5 \u00e5 sette bransjestandarder, som skal implementeres i medlemmenes organisasjoner. <strong>SKABRA<\/strong> skal v\u00e6re et kvalitetsstempel utad for medlemmene.<\/p>\n<ul>\n<li><strong>Brans<\/strong><strong>jens selvstendige organ. <\/strong>Viktigst av alt, s\u00e5 har Skabra blitt et selvstendig og selvtenkende organ, som p\u00e5 vegne av bransjen tolker forskrifer og utarbeider felles kj\u00f8reregler sett fra bransjens st\u00e5sted.<\/li>\n<li><strong>Bindeledd til myndighetene. <\/strong>Vi har blitt en sparringspartner med <a href=\"http:\/\/www.fhi.no\/eway\/default.aspx?pid=233&amp;trg=MainArea_5661&amp;MainArea_5661=5565:0:15,1220:1:0:0:::0:0\" target=\"_blank\" rel=\"noopener\">Folkehelseinstituttet<\/a>, og\u00a0<a href=\"http:\/\/www.klif.no\/Sok\/?query=skadedyr\" target=\"_blank\" rel=\"noopener\">Milj\u00f8direktoratet (KLIF)<\/a>.<\/li>\n<li><strong>Oppdatere oss i byr\u00e5kratiet. <\/strong>Vi fors\u00f8ker \u00e5 holde oss oppdatert med det som skjer i bransjen og alle lover og regler som p\u00e5legges oss.<\/li>\n<li><strong>Skadedyrkontroll i Europa. <\/strong>Vi holder ogs\u00e5\u00a0 kontakten med de europeiske organene for skadedyrkontroll (<a href=\"http:\/\/www.cepa-europe.org\/\" target=\"_blank\" rel=\"noopener\">CEPA<\/a>).<\/li>\n<li><strong>Utdanning av kontrollerende tilsynsmyndighet. <\/strong>Skabra har ogs\u00e5 blitt satt p\u00e5 dagsorden n\u00e5r kontrollerende tilsynsmyndighet skal kurses. I \u00e5r som i fjor sender Skabra en representant som holder foredrag.<\/li>\n<li><strong>Bransjenorm. <\/strong>SkaBra har utarbeidet en bransjenorm, som som er ment \u00e5 gi medlemmene en felles og seri\u00f8s plattform, som vi kan jobbe ut i fra. Vi har utarbeidet en folder, som kan deles ut til kundene. Du kan f\u00e5 den tilsendt ved \u00e5 kontakte oss p\u00e5 e-post. Den kan ogs\u00e5 lastes med\u00a0<a href=\"\/wp-content\/uploads\/2016\/05\/Norm_versjon_1.3_Skabra_13.september_2011.pdf\" target=\"_blank\" rel=\"noopener\">her<\/a>.<\/li>\n<li><strong>Bruk av ikke-godkjente medhjelpere.<\/strong> Er et tema som har v\u00e6rt mye diskutert i bransjen. N\u00e5 har vi utarbeidet en instruks, som b\u00e5de er utredet, og har juridisk st\u00f8tte fra advokatfirmaet\u00a0<a href=\"http:\/\/haavind.no\/\" target=\"_blank\" rel=\"noopener\">Haavind<\/a>. Instruksen har ogs\u00e5 blitt godkjent etter utf\u00f8rt kontroll av kontrollmyndighetnene. <a href=\"\/medlemsskap\/logg-inn\/\" target=\"_blank\" rel=\"noopener\">Her ligger instruksen tilgjengelig. Kun for v\u00e5re medlemmer.<\/a><\/li>\n<li><strong>Skadedyrdagene<\/strong> arrangeres hvert \u00e5r, som en service til hele bransjen. Hovedm\u00e5let, er \u00e5 skape en samlende arene, hvor hele bransjen, v\u00e5re kunder, samt tilh\u00f8rende statlige og kommunale organer uformelt kan m\u00f8tes.<\/li>\n<\/ul>\n<ul>\n<li><a href=\"\/om-skabra\/formal\/\"><strong>Form\u00e5l i SKABRA<\/strong><\/a><\/li>\n<li><strong><a href=\"\/wp-content\/uploads\/2016\/05\/Norm_versjon_1.3_Skabra_13.september_2011.pdf\" target=\"_blank\" rel=\"noopener\">Bransjenormen<\/a><\/strong><\/li>\n<li><a href=\"\/medlemsskap\/logg-inn\/\" target=\"_blank\" rel=\"noopener\"><strong>Instruks for ikke-godkjente medhjelpere (kun tilgjengelig for medlemmer)<\/strong><\/a><\/li>\n<\/ul>\n<p>&nbsp;<\/p>\n","protected":false},"excerpt":{"rendered":"<p>SKABRA sitt hovedform\u00e5l er \u00e5 fungere som en samlende paraplyorganisasjon for skadedyrbransjen. Vi vil arbeide for \u00f8kt kompetanse og bedre metoder.\u00a0S\u00e6rlig skal det arbeides for trygge og milj\u00f8vennlige metoder. Vi&hellip;<a href=\"https:\/\/www.skabra.no\/?page_id=10\" class=\"more-link\"><span class=\"more-button\">Les mer&#8230;..<span class=\"screen-reader-text\">Om SkaBra<\/span><\/span><\/a><\/p>\n","protected":false},"author":5,"featured_media":0,"parent":0,"menu_order":1,"comment_status":"closed","ping_status":"closed","template":"","meta":{"footnotes":""},"class_list":["post-10","page","type-page","status-publish","hentry"],"yoast_head":"<!-- This site is optimized with the Yoast SEO plugin v27.4 - https:\/\/yoast.com\/product\/yoast-seo-wordpress\/ -->\n<title>Om SkaBra - Skadedyrbedriftenes Bransjeorganisasjon<\/title>\n<meta name=\"robots\" content=\"index, follow, max-snippet:-1, max-image-preview:large, max-video-preview:-1\" \/>\n<link rel=\"canonical\" href=\"https:\/\/www.skabra.no\/?page_id=10\" \/>\n<meta property=\"og:locale\" content=\"nb_NO\" \/>\n<meta property=\"og:type\" content=\"article\" \/>\n<meta property=\"og:title\" content=\"Om SkaBra - Skadedyrbedriftenes Bransjeorganisasjon\" \/>\n<meta property=\"og:description\" content=\"SKABRA sitt hovedform\u00e5l er \u00e5 fungere som en samlende paraplyorganisasjon for skadedyrbransjen. Vi vil arbeide for \u00f8kt kompetanse og bedre metoder.\u00a0S\u00e6rlig skal det arbeides for trygge og milj\u00f8vennlige metoder. Vi&hellip;Les mer.....Om SkaBra\" \/>\n<meta property=\"og:url\" content=\"https:\/\/www.skabra.no\/?page_id=10\" \/>\n<meta property=\"og:site_name\" content=\"Skadedyrbedriftenes Bransjeorganisasjon\" \/>\n<meta property=\"article:modified_time\" content=\"2023-06-07T15:39:53+00:00\" \/>\n<meta name=\"twitter:card\" content=\"summary_large_image\" \/>\n<meta name=\"twitter:label1\" content=\"Ansl. lesetid\" \/>\n\t<meta name=\"twitter:data1\" content=\"2 minutter\" \/>\n<script type=\"application\/ld+json\" class=\"yoast-schema-graph\">{\"@context\":\"https:\\\/\\\/schema.org\",\"@graph\":[{\"@type\":\"WebPage\",\"@id\":\"https:\\\/\\\/www.skabra.no\\\/?page_id=10\",\"url\":\"https:\\\/\\\/www.skabra.no\\\/?page_id=10\",\"name\":\"Om SkaBra - Skadedyrbedriftenes Bransjeorganisasjon\",\"isPartOf\":{\"@id\":\"https:\\\/\\\/www.skabra.no\\\/#website\"},\"datePublished\":\"2016-05-24T14:18:48+00:00\",\"dateModified\":\"2023-06-07T15:39:53+00:00\",\"inLanguage\":\"nb-NO\",\"potentialAction\":[{\"@type\":\"ReadAction\",\"target\":[\"https:\\\/\\\/www.skabra.no\\\/?page_id=10\"]}]},{\"@type\":\"WebSite\",\"@id\":\"https:\\\/\\\/www.skabra.no\\\/#website\",\"url\":\"https:\\\/\\\/www.skabra.no\\\/\",\"name\":\"Skadedyrbedriftenes Bransjeorganisasjon\",\"description\":\"SKABRA setter milj\u00f8 og trygghet i fokus\",\"publisher\":{\"@id\":\"https:\\\/\\\/www.skabra.no\\\/#organization\"},\"potentialAction\":[{\"@type\":\"SearchAction\",\"target\":{\"@type\":\"EntryPoint\",\"urlTemplate\":\"https:\\\/\\\/www.skabra.no\\\/?s={search_term_string}\"},\"query-input\":{\"@type\":\"PropertyValueSpecification\",\"valueRequired\":true,\"valueName\":\"search_term_string\"}}],\"inLanguage\":\"nb-NO\"},{\"@type\":\"Organization\",\"@id\":\"https:\\\/\\\/www.skabra.no\\\/#organization\",\"name\":\"Skadedyrbedriftenes Bransjeorganisasjon\",\"url\":\"https:\\\/\\\/www.skabra.no\\\/\",\"logo\":{\"@type\":\"ImageObject\",\"inLanguage\":\"nb-NO\",\"@id\":\"https:\\\/\\\/www.skabra.no\\\/#\\\/schema\\\/logo\\\/image\\\/\",\"url\":\"https:\\\/\\\/www.skabra.no\\\/wp-content\\\/uploads\\\/2016\\\/05\\\/SkaBra_logo_RGB_125.png\",\"contentUrl\":\"https:\\\/\\\/www.skabra.no\\\/wp-content\\\/uploads\\\/2016\\\/05\\\/SkaBra_logo_RGB_125.png\",\"width\":125,\"height\":87,\"caption\":\"Skadedyrbedriftenes Bransjeorganisasjon\"},\"image\":{\"@id\":\"https:\\\/\\\/www.skabra.no\\\/#\\\/schema\\\/logo\\\/image\\\/\"}}]}<\/script>\n<!-- \/ Yoast SEO plugin. -->","yoast_head_json":{"title":"Om SkaBra - Skadedyrbedriftenes Bransjeorganisasjon","robots":{"index":"index","follow":"follow","max-snippet":"max-snippet:-1","max-image-preview":"max-image-preview:large","max-video-preview":"max-video-preview:-1"},"canonical":"https:\/\/www.skabra.no\/?page_id=10","og_locale":"nb_NO","og_type":"article","og_title":"Om SkaBra - Skadedyrbedriftenes Bransjeorganisasjon","og_description":"SKABRA sitt hovedform\u00e5l er \u00e5 fungere som en samlende paraplyorganisasjon for skadedyrbransjen. Vi vil arbeide for \u00f8kt kompetanse og bedre metoder.\u00a0S\u00e6rlig skal det arbeides for trygge og milj\u00f8vennlige metoder. Vi&hellip;Les mer.....Om SkaBra","og_url":"https:\/\/www.skabra.no\/?page_id=10","og_site_name":"Skadedyrbedriftenes Bransjeorganisasjon","article_modified_time":"2023-06-07T15:39:53+00:00","twitter_card":"summary_large_image","twitter_misc":{"Ansl. lesetid":"2 minutter"},"schema":{"@context":"https:\/\/schema.org","@graph":[{"@type":"WebPage","@id":"https:\/\/www.skabra.no\/?page_id=10","url":"https:\/\/www.skabra.no\/?page_id=10","name":"Om SkaBra - Skadedyrbedriftenes Bransjeorganisasjon","isPartOf":{"@id":"https:\/\/www.skabra.no\/#website"},"datePublished":"2016-05-24T14:18:48+00:00","dateModified":"2023-06-07T15:39:53+00:00","inLanguage":"nb-NO","potentialAction":[{"@type":"ReadAction","target":["https:\/\/www.skabra.no\/?page_id=10"]}]},{"@type":"WebSite","@id":"https:\/\/www.skabra.no\/#website","url":"https:\/\/www.skabra.no\/","name":"Skadedyrbedriftenes Bransjeorganisasjon","description":"SKABRA setter milj\u00f8 og trygghet i fokus","publisher":{"@id":"https:\/\/www.skabra.no\/#organization"},"potentialAction":[{"@type":"SearchAction","target":{"@type":"EntryPoint","urlTemplate":"https:\/\/www.skabra.no\/?s={search_term_string}"},"query-input":{"@type":"PropertyValueSpecification","valueRequired":true,"valueName":"search_term_string"}}],"inLanguage":"nb-NO"},{"@type":"Organization","@id":"https:\/\/www.skabra.no\/#organization","name":"Skadedyrbedriftenes Bransjeorganisasjon","url":"https:\/\/www.skabra.no\/","logo":{"@type":"ImageObject","inLanguage":"nb-NO","@id":"https:\/\/www.skabra.no\/#\/schema\/logo\/image\/","url":"https:\/\/www.skabra.no\/wp-content\/uploads\/2016\/05\/SkaBra_logo_RGB_125.png","contentUrl":"https:\/\/www.skabra.no\/wp-content\/uploads\/2016\/05\/SkaBra_logo_RGB_125.png","width":125,"height":87,"caption":"Skadedyrbedriftenes Bransjeorganisasjon"},"image":{"@id":"https:\/\/www.skabra.no\/#\/schema\/logo\/image\/"}}]}},"_links":{"self":[{"href":"https:\/\/www.skabra.no\/index.php?rest_route=\/wp\/v2\/pages\/10","targetHints":{"allow":["GET"]}}],"collection":[{"href":"https:\/\/www.skabra.no\/index.php?rest_route=\/wp\/v2\/pages"}],"about":[{"href":"https:\/\/www.skabra.no\/index.php?rest_route=\/wp\/v2\/types\/page"}],"author":[{"embeddable":true,"href":"https:\/\/www.skabra.no\/index.php?rest_route=\/wp\/v2\/users\/5"}],"replies":[{"embeddable":true,"href":"https:\/\/www.skabra.no\/index.php?rest_route=%2Fwp%2Fv2%2Fcomments&post=10"}],"version-history":[{"count":1,"href":"https:\/\/www.skabra.no\/index.php?rest_route=\/wp\/v2\/pages\/10\/revisions"}],"predecessor-version":[{"id":1200,"href":"https:\/\/www.skabra.no\/index.php?rest_route=\/wp\/v2\/pages\/10\/revisions\/1200"}],"wp:attachment":[{"href":"https:\/\/www.skabra.no\/index.php?rest_route=%2Fwp%2Fv2%2Fmedia&parent=10"}],"curies":[{"name":"wp","href":"https:\/\/api.w.org\/{rel}","templated":true}]}}