{"id":133,"date":"2016-05-24T23:02:36","date_gmt":"2016-05-24T21:02:36","guid":{"rendered":"https:\/\/141801-www.web.tornado-node.net\/?page_id=133"},"modified":"2023-06-07T17:39:55","modified_gmt":"2023-06-07T15:39:55","slug":"vedtekter","status":"publish","type":"page","link":"https:\/\/www.skabra.no\/?page_id=133","title":{"rendered":"Vedtekter"},"content":{"rendered":"<h1 style=\"text-align: center;\"><img decoding=\"async\" class=\"aligncenter size-full wp-image-194\" src=\"https:\/\/www.skabra.no\/wp-content\/uploads\/2016\/05\/SkaBra_logo_RGB_250.png\" alt=\"\" width=\"250\" height=\"174\" \/><\/h1>\n<h1 style=\"text-align: center;\">Vedtekter for foreningen Skadedyrbedriftenes Bransjeorganisasjon(SkaBra)<\/h1>\n<h2 style=\"text-align: center;\">Stiftet 29. august 2008<\/h2>\n<h3 style=\"text-align: center;\">Vedtektene er endret og vedtatt 5. mars 2019<\/h3>\n<p><strong>1. Navn<\/strong><\/p>\n<p style=\"padding-left: 40px;\">Foreningens navn er Skadedyrbedriftenes Bransjeorganisasjon (SkaBra)<\/p>\n<p><strong>2. Form\u00e5l:<\/strong><\/p>\n<p style=\"padding-left: 40px;\">SkaBra har som form\u00e5l \u00e5:<br \/>\n<strong>2.1.<\/strong> Fremme skadedyrbransjens interesser i samfunnet og bedre forst\u00e5elsen for bransjens arbeid.<br \/>\n<strong>2.2.<\/strong> Uttale seg p\u00e5 bransjens vegne, og representere bransjen i ulike fora. Holde kontakt med CEPA og andre organisasjoner. Holde seg orientert om endringer som har betydning for bransjen hos nasjonale og overnasjonale myndigheter.<br \/>\n<strong>2.3.<\/strong> Samarbeide med statlige og lokale myndigheter, til beste for samfunnet og bransjen.<br \/>\n<strong>2.4.<\/strong> Arbeide for \u00f8kt kompetanse og bedre metoder i skadedyrbransjen. S\u00e6rlig skal det arbeides for trygge og milj\u00f8vennlige metoder.<br \/>\n<strong>2.5.<\/strong> Arbeide for et godt forhold mellom bransjens medlemmer og bidra til god og etisk konkurranse bedriftene imellom.<br \/>\n<strong>2.6.<\/strong> Forhandle fram gunstige leverand\u00f8ravtaler p\u00e5 vegne av medlemmene.<br \/>\n<strong>2.7.<\/strong> Bidra til \u00e5 utforme en bransjestander\/kvalitetsnorm for skadedyrbransjen.<br \/>\n<strong>2.8.<\/strong> Arrangere Skadedyrdagene.<br \/>\n<strong>2.9.<\/strong> SkaBra er en non-profitt organisasjon.<\/p>\n<p><strong>3. Juridisk person. Begrenset gjeldsansvar<\/strong><\/p>\n<p style=\"padding-left: 40px;\">Foreningen er en selveiende og frittst\u00e5ende juridisk person med upersonlig og begrenset ansvar for gjeld.<\/p>\n<p><strong>4. Hoved medlemskap:<\/strong><\/p>\n<p style=\"padding-left: 40px;\"><strong>4.1.<\/strong> Hoved medlemskap i SkaBra kan de s\u00f8ke som:<\/p>\n<p style=\"padding-left: 80px;\"><strong>4.1.1.<\/strong> Er norsk registrert foretak i Enhetsregisteret eller Foretaksregisteret.<br \/>\n<strong>4.1.2.<\/strong> Fysisk utf\u00f8rer bekjempelse og forebyggende tiltak mot skadedyr som en del av foretakets virksomhet.<br \/>\n<strong>4.1.3.<\/strong> Har minst en offentlig godkjent skadedyrbekjemper som ansatt eller eier av foretaket.<br \/>\n<strong>4.1.4.<\/strong> Ut\u00f8ver ervervsmessig skadedyrbekjempelse for andre mot betaling.<\/p>\n<p style=\"padding-left: 40px;\"><strong>4.2.<\/strong> Hovedmedlemmene har stemmerett. Med 1 stemme per godkjent skadedyrbekjemper begrenset oppad til 10 stemmer.<br \/>\n<strong>4.3.<\/strong> Flere foretak som;<\/p>\n<p style=\"padding-left: 80px;\"><strong>4.3.1.<\/strong> Franchiser<br \/>\n<strong>4.3.2.<\/strong> Foretak som i det vesentlige fremst\u00e5r som samarbeidende utad<br \/>\n<strong>4.3.3.<\/strong> Separate foretak som har samme eier. Med samme eier menes der hvor en person eller foretak har eierinteresser i ett eller flere foretak. Disse foretakene tillates \u00e5 ha egne separate medlemskap. Slike foretak kan kun stemme med inntil 10 stemmer totalt. Og kan da totalt stemme begrenset oppad til 10 stemmer.<\/p>\n<p style=\"padding-left: 40px;\"><strong>4.4.<\/strong> S\u00f8knad om medlemskap rettes til styret, som innvilger\/avsl\u00e5r medlemskap. Styret kan bare avsl\u00e5 medlemskap dersom det har saklig grunn.<br \/>\n<strong>4.5.<\/strong> Medlemskap i foreningen er f\u00f8rst gyldig og skal regnes fra den dag kontingent og serviceavgift er betalt.<\/p>\n<p><strong>5. Assosiert medlem:<\/strong><\/p>\n<p style=\"padding-left: 40px;\"><strong>5.1.<\/strong> Et hvert foretak, organisasjon, person, nasjonale som internasjonale, som st\u00f8tter form\u00e5lsparagrafen til SkaBra, og som \u00f8nsker \u00e5 bidra til \u00e5 styrke bransjen, kan bli assosiert medlem.<br \/>\n<strong>5.2.<\/strong> som assosiert medlem f\u00e5r foretaket tale- og forslagsrett p\u00e5 \u00e5rsm\u00f8tet, dog ingen stemmerett.<\/p>\n<p><strong>6. Medlemmene plikter<\/strong><\/p>\n<p style=\"padding-left: 40px;\"><strong>6.1.<\/strong> \u00c5 arbeide for de form\u00e5l SkaBra har satt seg.<br \/>\n<strong>6.2.<\/strong> \u00c5 innbetale serviceavgift og kontingent til rett tid.<br \/>\n<strong>6.3.<\/strong> \u00c5 ha ansvarsforsikring etter bedriftens aktivitet og st\u00f8rrelse.<\/p>\n<p><strong>7. Serviceavgift\/kontingent: Hovedmedlem og assosiert medlem<\/strong><\/p>\n<p style=\"padding-left: 40px;\"><strong>7.1.<\/strong> Hvert medlemsforetak betaler kontingent og serviceavgift.<br \/>\n<strong>7.2.<\/strong> Kontingenten er lik for alle medlemsforetak. Kontingenten for neste \u00e5rs bestemmes p\u00e5 \u00e5rsm\u00f8te for innerverende \u00e5r.<br \/>\nKontingenten f\u00f8lger kalender\u00e5ret.<br \/>\n<strong>7.3.<\/strong> Serviceavgiften best\u00e5r av et grunnbel\u00f8p ganget med antall godkjente skadedyrbekjempere i foretaket. Antall godkjente skadedyrbekjempere baseres p\u00e5 folkehelseinstituttets sin liste pr 1. november \u00e5ret f\u00f8r. Medlemsforetakene er selv ansvarlig for \u00e5 melde endringer til Folkehelseinstituttet i god tid f\u00f8r 1. november. Maksimal avgift er 10 ganger grunnbel\u00f8pet.\u00a0 Grunnbel\u00f8pet for neste \u00e5r bestemmes p\u00e5 \u00e5rsm\u00f8tet for innerverende \u00e5r.\u00a0 Grunnbel\u00f8pet f\u00f8lger kalender\u00e5ret.<br \/>\n<strong>7.4.<\/strong> Medlemsavgiften for assosierte medlemmer er 2 ganger serviceavgiften + kontingenten.<br \/>\n<strong>7.5.<\/strong> Krav om innbetaling av serviceavgift og kontingent sendes ut primo januar.<\/p>\n<p><strong>8. Styrets arbeid:<\/strong><\/p>\n<p style=\"padding-left: 40px;\"><strong>8.1.<\/strong> Styret i SkaBra er ansvarlig for den daglige driften. Styret skal:<\/p>\n<p style=\"padding-left: 80px;\"><strong>8.1.1.<\/strong> Arbeide for m\u00e5lene i form\u00e5lsparagrafen.<br \/>\n<strong>8.1.2.<\/strong> Uttale seg p\u00e5 vegne av medlemsforetakene til presse og myndigheter.<br \/>\n<strong>8.1.3.<\/strong> Lage budsjett og f\u00f8re regnskap med \u00f8konomien.<br \/>\n<strong>8.1.4.<\/strong> Innvilge medlemskap og sende ut kontingent.<br \/>\n<strong>8.1.5.<\/strong> Arrangere Skadedyrdagene.<br \/>\n<strong>8.1.6.<\/strong> Lage \u00e5rsberetning.<br \/>\n<strong>8.1.7.<\/strong> Iverksette \u00e5rsm\u00f8tets vedtak og bestemmelser.<\/p>\n<p style=\"padding-left: 40px;\"><strong>8.2.<\/strong> Styret skal holde m\u00f8te n\u00e5r lederen bestemmer det eller n\u00e5r et flertall av styrets medlemmer krever det. Styret er vedtaksf\u00f8rt n\u00e5r et flertall av styrets medlemmer er til stede. Vedtak fattes med flertall av de avgitte stemmene. Ved stemmelikhet teller m\u00f8telederens stemme dobbelt.<br \/>\n<strong>8.3.<\/strong> Styrem\u00f8tene ledes av styrets leder og det skal f\u00f8res protokoll fra styrem\u00f8tene.<\/p>\n<p><strong>9. Representasjon av foreningen utad<\/strong><\/p>\n<p style=\"padding-left: 40px;\">Foreningen tegnes av styrets leder og ett av styremedlemmene i fellesskap.<\/p>\n<p><strong>10. Styresammensetning og valgkomite:<\/strong><\/p>\n<p style=\"padding-left: 40px;\"><strong>10.1.<\/strong> En valgkomite p\u00e5 inntil 3 personer velges p\u00e5 \u00e5rsm\u00f8tet. Valgkomiteen har som oppgave \u00e5 finne egnede kandidater til styreverv.<br \/>\nValgkomiteen fremmer ogs\u00e5 forslag til leder og nestleder. Valgkomiteen legger fram sine forslag p\u00e5 \u00e5rsm\u00f8tet.<br \/>\n<strong>10.2.<\/strong> Styret velges p\u00e5 \u00e5rsm\u00f8tet. Styret best\u00e5r av 5 \u2013 9 personer med personlige varamenn. I de tilfeller et nytt medlem, har krav p\u00e5 fast plass i styret, utvides styret frem til neste valg.<br \/>\n<strong>10.3.<\/strong> Styremedlemmene velges for 2 \u00e5r av gangen, slik at ca. halve styret er p\u00e5 valg hver gang. Styret best\u00e5r av leder, nestleder og 3 \u2013 7 styremedlemmer. Ved stemmelikhet har leder dobbeltstemme.\u00a0 Styret konstituerer seg selv.<br \/>\n<strong>10.4.<\/strong> De 4 st\u00f8rste bedriftene (m\u00e5lt etter antall godkjente skadedyrbekjempere) har automatisk rett til styreplass. Disse<br \/>\nstyremedlemmene har personlige varamenn fra samme bedrift. Bedriftene melder inn sine kandidater til valgkomiteen f\u00f8r \u00e5rsm\u00f8tet.<br \/>\n<strong>10.5.<\/strong> De \u00f8vrige styremedlemmene velges blant de \u00f8vrige medlemsbedriftene.<br \/>\n<strong>10.6.<\/strong> Det kan v\u00e6re opp til to styremedlemer per medlemsbedrift.\u00a0 Alle i styret har en stemme ved avstemninger.\u00a0 Bortsett fra om det er to styrerepresentanter fra samme medlemsbedrift.<\/p>\n<p style=\"padding-left: 80px;\"><strong>10.6.1.<\/strong> Medlemsbedrifter<br \/>\n<strong>10.6.2.<\/strong> Franchiser<br \/>\n<strong>10.6.3.<\/strong> Foretak som i det vesentlige fremst\u00e5r som samarbeidende utad<br \/>\n<strong>10.6.4.<\/strong> Separate foretak som har samme eier. Med samme eier menes der hvor en person eller foretak har eierinteresser i ett eller flere foretak. Foretak nevnt i 10.6.1,10.6.2, 10.6.3 og 10.6.4 som er representert med 2 styrerepresentanter har til sammen 1 stemme ved avstemninger.<\/p>\n<p><strong>11. \u00c5rsm\u00f8tet<\/strong><\/p>\n<p style=\"padding-left: 40px;\"><strong>11.1.<\/strong> \u00c5rsm\u00f8tet er foreningens h\u00f8yeste myndighet.\u00a0 \u00c5rsm\u00f8tet skal arrangeres inne utgangen av mars hvert \u00e5r.\u00a0 Innkalling skjer med 4 ukers varsel. Saker som \u00f8nskes tatt opp p\u00e5 \u00e5rsm\u00f8tet under innkomne saker m\u00e5 v\u00e6re styret i hende senest 2 uker f\u00f8r \u00e5rsm\u00f8tet.\u00a0 Fullstendig sakliste skal v\u00e6re tilgjengelig for medlemmene senest 1 uke f\u00f8r \u00e5rsm\u00f8te.\u00a0 P\u00e5 \u00e5rsm\u00f8te kan ikke behandles saker som ikke er oppf\u00f8rt p\u00e5 saklisten.<br \/>\n<strong>11.2.<\/strong> Alle ansatte\/eiere i medlemsbedriftene har m\u00f8terett, talerett og forslagsrett p\u00e5 \u00e5rsm\u00f8tet.<br \/>\n<strong>11.3.<\/strong> Bare hovedmedlemmer har stemmerett p\u00e5 \u00e5rsm\u00f8tet.\u00a0 For \u00e5 f\u00e5 stemmerett m\u00e5 kontingent og serviceavgift for innev\u00e6rende \u00e5r v\u00e6re betalt.\u00a0 Hvert foretak har like mange stemmer som de hadde godkjente skadedyrbekjempere.\u00a0 De m\u00e5 samtidig ha innbetalt serviceavgift for dette antall godkjente skadedyrbekjempere, se punkt 7.3.\u00a0 Maks antall stemmer per medlemsbedrift er 10.<br \/>\n<strong>11.4.<\/strong> Kun godkjente skadedyrbekjempere kan stemme\/representere sin bedrift p\u00e5 \u00e5rsm\u00f8tet.\u00a0 Samme person kan representere alle bedriftens stemmer.<br \/>\n<strong>11.5.<\/strong> \u00c5rsm\u00f8tet er vedtaksf\u00f8rt med det antall medlemmer som m\u00f8ter.<br \/>\n<strong>11.6.<\/strong> Med mindre annet er bestemt, skal et vedtak for \u00e5 v\u00e6re gyldig v\u00e6re truffet med alminnelig flertall av de avgitte stemmer.\u00a0 Blanke stemmer skal ansees som ikke avgitt.\u00a0 Valg foreg\u00e5r skriftlig n\u00e5r det foreligger mer enn ett forslag. Bare foresl\u00e5tte kandidater kan f\u00f8res opp p\u00e5 stemmeseddelen.\u00a0 Skal flere velges ved samme avstemming, m\u00e5 stemmeseddelen inneholde det antall forskjellige kandidater som det skal velges ved vedkommende avstemming.\u00a0 Stemmesedler som er blanke, eller som inneholder ikke foresl\u00e5tte kandidater, eller annet antall kandidater som skal velges, telles ikke, og stemmene skal anses, ikke avgitt.<br \/>\n<strong>11.7.<\/strong> N\u00e5r et valg foreg\u00e5r enkeltvis, og en kandidat\/sak ikke oppn\u00e5r mer enn halvparten av de avgitte stemmene, skal den velges som har f\u00e5tt flest stemmer(relativt flertall).<\/p>\n<p><strong>12. \u00c5rsm\u00f8tets oppgaver<\/strong><\/p>\n<p>F\u00f8lgende saker skal behandles av \u00e5rsm\u00f8te:<\/p>\n<ul>\n<li>\u00c5pning av \u00e5rsm\u00f8tet ved styrets leder eller nestleder.<\/li>\n<li>Opptegnelse av hvor mange medlemmer som har m\u00f8tt og andre m\u00f8tende. Fortegnelsen skal angi hvor mange stemmer<br \/>\ndet enkelte medlemsforetak representerer og hvem som kan stemme p\u00e5 vegne av foretaket.<\/li>\n<li>Konstituering med valg av referent og 2 til \u00e5 signere protokoll.<\/li>\n<li>Valg av ordstyrer.\u00a0 Dersom styrets leder m\u00f8ter er denne ordstyrer.<\/li>\n<li>Styrets \u00e5rsberetning.<\/li>\n<li>Revidert regnskap fra siste kalender\u00e5r.<\/li>\n<li>Handlingsplan, budsjett, kontingent og grunnbel\u00f8p for neste \u00e5r.<\/li>\n<li>Innkomne saker.<\/li>\n<li>Valg av nytt styre.\n<ul>\n<li>Valg av styremedlemmer.<\/li>\n<li>Valg av varamedlemmer.<\/li>\n<\/ul>\n<\/li>\n<\/ul>\n<p style=\"padding-left: 40px;\">Valgkomiteen legger fram forslag til valg av styre og varamedlemmer. Forslag til styre og varamedlemmer kan ogs\u00e5<br \/>\nfremmes av deltagerne p\u00e5 \u00e5rsm\u00f8tet. F\u00f8rst velges styre, deretter styrets leder og nestleder fra de valgte<br \/>\nstyremedlemmene.<\/p>\n<ul>\n<li>Valg av valgkomit\u00e9.<\/li>\n<\/ul>\n<p><strong>13. Ekstraordin\u00e6rt \u00e5rsm\u00f8te<\/strong><\/p>\n<p style=\"padding-left: 40px;\">Ekstraordin\u00e6rt \u00e5rsm\u00f8te innkalles n\u00e5r styret \u00f8nsker det eller n\u00e5r foretak som representerer minst 25 % av stemmene ber om det. Det innkalles p\u00e5 samme m\u00e5te som ved et ordin\u00e6rt \u00e5rsm\u00f8te med minst 14 dagers varsel.<\/p>\n<p><strong>14. Revisor<\/strong><\/p>\n<p style=\"padding-left: 40px;\">SkaBra har valgt \u00e5 ikke ha revisor.<\/p>\n<p><strong>15. Endring av vedtekter<\/strong><\/p>\n<p style=\"padding-left: 40px;\">Vedtektsendringer kan bare gj\u00f8res p\u00e5 ordin\u00e6re \u00e5rsm\u00f8ter under punktet innkomne saker. Forslag til ny vedtekt skal gj\u00f8res tilgjengelig senest 1 uke f\u00f8r \u00e5rsm\u00f8tet. Det kreves 2\/3-flertall for \u00e5 vedta vedtaksendringer.<\/p>\n<p><strong>16. Utmelding<\/strong><\/p>\n<p style=\"padding-left: 40px;\">Utmelding gj\u00f8res per e-post eller per brev til styret.\u00a0 Ved utmelding vil fakturert eller innbetalt serviceavgift og kontingent ikke refunderes.<\/p>\n<p><strong>17. Eksklusjon<\/strong><\/p>\n<p style=\"padding-left: 40px;\"><strong>17.1.<\/strong> Styret kan vedta eksklusjon av medlemmer.\u00a0 Styrevedtak om eksklusjon kan klages inn til \u00e5rsm\u00f8tet for overpr\u00f8ving. Klagen fremmes som sak p\u00e5 \u00e5rsm\u00f8tet.\u00a0 Under behandlingen av en sak om eksklusjon har kun medlemsforetakenes stemmeberettigede representanter m\u00f8terett.<br \/>\n<strong>17.2.<\/strong> Ved eksklusjon vil ikke innbetalt kontingent og serviceavgift bli refundert.<br \/>\n<strong>17.3.<\/strong> Som grunnlag for eksklusjon regnes blant annet:<\/p>\n<p style=\"padding-left: 80px;\"><strong>17.3.1.<\/strong> Ikke innbetalt serviceavgift eller kontingent for ett \u00e5r eller mer.<br \/>\n<strong>17.3.2.<\/strong> Uttalelser, handlinger, arbeidsmetoder eller andre forhold som er egnet til \u00e5 sette skadedyrbransjen i vanry.<br \/>\n<strong>17.3.3.<\/strong> Manglende oppf\u00f8lging\/aksept av form\u00e5let til bransjeforeningen.<br \/>\n<strong>17.3.4.<\/strong> Brudd p\u00e5 vedtektsbestemt handlingsregel.<br \/>\n<strong>17.3.5.<\/strong> Brudd p\u00e5 p\u00e5bud og\/eller forbud vedtatt av kompetent foreningsorgan for SkaBra.<br \/>\n<strong>17.3.6.<\/strong> Annet mislighold i forhold til foreningen eller av foreningsforpliktelsene.<\/p>\n<p><strong>18. Oppl\u00f8sning<\/strong><\/p>\n<p style=\"padding-left: 40px;\"><strong>18.1.<\/strong> Oppl\u00f8sning av organisasjonen m\u00e5 vedtas med 2\/3-flertall.\u00a0 Forslaget om oppl\u00f8sning skal v\u00e6re sendt alle medlemsbedrifter minimum 4 uker f\u00f8r det behandles p\u00e5 ordin\u00e6rt eller ekstraordin\u00e6rt \u00e5rsm\u00f8te.\u00a0 Blir oppl\u00f8sning vedtatt med minst 2\/3- flertall, innkalles til ekstraordin\u00e6rt \u00e5rsm\u00f8te 3 m\u00e5neder senere.\u00a0 For at oppl\u00f8sning skal skje, m\u00e5 vedtaket her gjentas med 2\/3-flertall.<br \/>\n<strong>18.2.<\/strong> Det kan velges et avviklingsstyre som skal forest\u00e5 avviklingen.\u00a0 Det ordin\u00e6re styre kan velges som avviklingsstyre, og f\u00e5r stilling som avviklingsstyre om intet valg foretas.<br \/>\n<strong>18.3.<\/strong> Foreningens formue skal etter oppl\u00f8sning og gjeldsavleggelse tilfalle det form\u00e5l foreningen arbeider for \u00e5 fremme ved at midlene gis til et ikke-\u00f8konomisk form\u00e5l. Ingen medlemmer har krav p\u00e5 foreningens midler eller andel av disse.<br \/>\n<strong>18.4.<\/strong> Sammenslutning med andre foreninger eller deling av foreningen anses ikke som oppl\u00f8sning.\u00a0 Vedtak om<br \/>\nsammenslutning\/deling og n\u00f8dvendige vedtektsendringer i denne forbindelse treffes i samsvar med bestemmelsene om<br \/>\nvedtektsendring (\u00a715). Styret skal i denne forbindelse utarbeide en plan for sammenslutningen\/delingen som \u00e5rsm\u00f8te skal stemme over.\u00a0 Ved sammensl\u00e5ing\/deling skal det innhentes samtykke fra foreningens kreditorer.<\/p>\n","protected":false},"excerpt":{"rendered":"<p>Vedtekter for foreningen Skadedyrbedriftenes Bransjeorganisasjon(SkaBra) Stiftet 29. august 2008 Vedtektene er endret og vedtatt 5. mars 2019 1. Navn Foreningens navn er Skadedyrbedriftenes Bransjeorganisasjon (SkaBra) 2. Form\u00e5l: SkaBra har som&hellip;<a href=\"https:\/\/www.skabra.no\/?page_id=133\" class=\"more-link\"><span class=\"more-button\">Les mer&#8230;..<span class=\"screen-reader-text\">Vedtekter<\/span><\/span><\/a><\/p>\n","protected":false},"author":5,"featured_media":0,"parent":10,"menu_order":6,"comment_status":"closed","ping_status":"closed","template":"","meta":{"footnotes":""},"class_list":["post-133","page","type-page","status-publish","hentry"],"yoast_head":"<!-- This site is optimized with the Yoast SEO plugin v27.4 - https:\/\/yoast.com\/product\/yoast-seo-wordpress\/ -->\n<title>Vedtekter - Skadedyrbedriftenes Bransjeorganisasjon<\/title>\n<meta name=\"robots\" content=\"index, follow, max-snippet:-1, max-image-preview:large, max-video-preview:-1\" \/>\n<link rel=\"canonical\" href=\"https:\/\/www.skabra.no\/?page_id=133\" \/>\n<meta property=\"og:locale\" content=\"nb_NO\" \/>\n<meta property=\"og:type\" content=\"article\" \/>\n<meta property=\"og:title\" content=\"Vedtekter - Skadedyrbedriftenes Bransjeorganisasjon\" \/>\n<meta property=\"og:description\" content=\"Vedtekter for foreningen Skadedyrbedriftenes Bransjeorganisasjon(SkaBra) Stiftet 29. august 2008 Vedtektene er endret og vedtatt 5. mars 2019 1. Navn Foreningens navn er Skadedyrbedriftenes Bransjeorganisasjon (SkaBra) 2. Form\u00e5l: SkaBra har som&hellip;Les mer.....Vedtekter\" \/>\n<meta property=\"og:url\" content=\"https:\/\/www.skabra.no\/?page_id=133\" \/>\n<meta property=\"og:site_name\" content=\"Skadedyrbedriftenes Bransjeorganisasjon\" \/>\n<meta property=\"article:modified_time\" content=\"2023-06-07T15:39:55+00:00\" \/>\n<meta property=\"og:image\" content=\"https:\/\/www.skabra.no\/wp-content\/uploads\/2016\/05\/SkaBra_logo_RGB_250.png\" \/>\n<meta name=\"twitter:card\" content=\"summary_large_image\" \/>\n<meta name=\"twitter:label1\" content=\"Ansl. lesetid\" \/>\n\t<meta name=\"twitter:data1\" content=\"9 minutter\" \/>\n<script type=\"application\/ld+json\" class=\"yoast-schema-graph\">{\"@context\":\"https:\\\/\\\/schema.org\",\"@graph\":[{\"@type\":\"WebPage\",\"@id\":\"https:\\\/\\\/www.skabra.no\\\/?page_id=133\",\"url\":\"https:\\\/\\\/www.skabra.no\\\/?page_id=133\",\"name\":\"Vedtekter - Skadedyrbedriftenes Bransjeorganisasjon\",\"isPartOf\":{\"@id\":\"https:\\\/\\\/www.skabra.no\\\/#website\"},\"primaryImageOfPage\":{\"@id\":\"https:\\\/\\\/www.skabra.no\\\/?page_id=133#primaryimage\"},\"image\":{\"@id\":\"https:\\\/\\\/www.skabra.no\\\/?page_id=133#primaryimage\"},\"thumbnailUrl\":\"https:\\\/\\\/www.skabra.no\\\/wp-content\\\/uploads\\\/2016\\\/05\\\/SkaBra_logo_RGB_250.png\",\"datePublished\":\"2016-05-24T21:02:36+00:00\",\"dateModified\":\"2023-06-07T15:39:55+00:00\",\"breadcrumb\":{\"@id\":\"https:\\\/\\\/www.skabra.no\\\/?page_id=133#breadcrumb\"},\"inLanguage\":\"nb-NO\",\"potentialAction\":[{\"@type\":\"ReadAction\",\"target\":[\"https:\\\/\\\/www.skabra.no\\\/?page_id=133\"]}]},{\"@type\":\"ImageObject\",\"inLanguage\":\"nb-NO\",\"@id\":\"https:\\\/\\\/www.skabra.no\\\/?page_id=133#primaryimage\",\"url\":\"https:\\\/\\\/www.skabra.no\\\/wp-content\\\/uploads\\\/2016\\\/05\\\/SkaBra_logo_RGB_250.png\",\"contentUrl\":\"https:\\\/\\\/www.skabra.no\\\/wp-content\\\/uploads\\\/2016\\\/05\\\/SkaBra_logo_RGB_250.png\",\"width\":250,\"height\":174},{\"@type\":\"BreadcrumbList\",\"@id\":\"https:\\\/\\\/www.skabra.no\\\/?page_id=133#breadcrumb\",\"itemListElement\":[{\"@type\":\"ListItem\",\"position\":1,\"name\":\"Om SkaBra\",\"item\":\"https:\\\/\\\/www.skabra.no\\\/?page_id=10\"},{\"@type\":\"ListItem\",\"position\":2,\"name\":\"Vedtekter\"}]},{\"@type\":\"WebSite\",\"@id\":\"https:\\\/\\\/www.skabra.no\\\/#website\",\"url\":\"https:\\\/\\\/www.skabra.no\\\/\",\"name\":\"Skadedyrbedriftenes Bransjeorganisasjon\",\"description\":\"SKABRA setter milj\u00f8 og trygghet i fokus\",\"publisher\":{\"@id\":\"https:\\\/\\\/www.skabra.no\\\/#organization\"},\"potentialAction\":[{\"@type\":\"SearchAction\",\"target\":{\"@type\":\"EntryPoint\",\"urlTemplate\":\"https:\\\/\\\/www.skabra.no\\\/?s={search_term_string}\"},\"query-input\":{\"@type\":\"PropertyValueSpecification\",\"valueRequired\":true,\"valueName\":\"search_term_string\"}}],\"inLanguage\":\"nb-NO\"},{\"@type\":\"Organization\",\"@id\":\"https:\\\/\\\/www.skabra.no\\\/#organization\",\"name\":\"Skadedyrbedriftenes Bransjeorganisasjon\",\"url\":\"https:\\\/\\\/www.skabra.no\\\/\",\"logo\":{\"@type\":\"ImageObject\",\"inLanguage\":\"nb-NO\",\"@id\":\"https:\\\/\\\/www.skabra.no\\\/#\\\/schema\\\/logo\\\/image\\\/\",\"url\":\"https:\\\/\\\/www.skabra.no\\\/wp-content\\\/uploads\\\/2016\\\/05\\\/SkaBra_logo_RGB_125.png\",\"contentUrl\":\"https:\\\/\\\/www.skabra.no\\\/wp-content\\\/uploads\\\/2016\\\/05\\\/SkaBra_logo_RGB_125.png\",\"width\":125,\"height\":87,\"caption\":\"Skadedyrbedriftenes Bransjeorganisasjon\"},\"image\":{\"@id\":\"https:\\\/\\\/www.skabra.no\\\/#\\\/schema\\\/logo\\\/image\\\/\"}}]}<\/script>\n<!-- \/ Yoast SEO plugin. -->","yoast_head_json":{"title":"Vedtekter - Skadedyrbedriftenes Bransjeorganisasjon","robots":{"index":"index","follow":"follow","max-snippet":"max-snippet:-1","max-image-preview":"max-image-preview:large","max-video-preview":"max-video-preview:-1"},"canonical":"https:\/\/www.skabra.no\/?page_id=133","og_locale":"nb_NO","og_type":"article","og_title":"Vedtekter - Skadedyrbedriftenes Bransjeorganisasjon","og_description":"Vedtekter for foreningen Skadedyrbedriftenes Bransjeorganisasjon(SkaBra) Stiftet 29. august 2008 Vedtektene er endret og vedtatt 5. mars 2019 1. Navn Foreningens navn er Skadedyrbedriftenes Bransjeorganisasjon (SkaBra) 2. Form\u00e5l: SkaBra har som&hellip;Les mer.....Vedtekter","og_url":"https:\/\/www.skabra.no\/?page_id=133","og_site_name":"Skadedyrbedriftenes Bransjeorganisasjon","article_modified_time":"2023-06-07T15:39:55+00:00","og_image":[{"url":"https:\/\/www.skabra.no\/wp-content\/uploads\/2016\/05\/SkaBra_logo_RGB_250.png","type":"","width":"","height":""}],"twitter_card":"summary_large_image","twitter_misc":{"Ansl. lesetid":"9 minutter"},"schema":{"@context":"https:\/\/schema.org","@graph":[{"@type":"WebPage","@id":"https:\/\/www.skabra.no\/?page_id=133","url":"https:\/\/www.skabra.no\/?page_id=133","name":"Vedtekter - Skadedyrbedriftenes Bransjeorganisasjon","isPartOf":{"@id":"https:\/\/www.skabra.no\/#website"},"primaryImageOfPage":{"@id":"https:\/\/www.skabra.no\/?page_id=133#primaryimage"},"image":{"@id":"https:\/\/www.skabra.no\/?page_id=133#primaryimage"},"thumbnailUrl":"https:\/\/www.skabra.no\/wp-content\/uploads\/2016\/05\/SkaBra_logo_RGB_250.png","datePublished":"2016-05-24T21:02:36+00:00","dateModified":"2023-06-07T15:39:55+00:00","breadcrumb":{"@id":"https:\/\/www.skabra.no\/?page_id=133#breadcrumb"},"inLanguage":"nb-NO","potentialAction":[{"@type":"ReadAction","target":["https:\/\/www.skabra.no\/?page_id=133"]}]},{"@type":"ImageObject","inLanguage":"nb-NO","@id":"https:\/\/www.skabra.no\/?page_id=133#primaryimage","url":"https:\/\/www.skabra.no\/wp-content\/uploads\/2016\/05\/SkaBra_logo_RGB_250.png","contentUrl":"https:\/\/www.skabra.no\/wp-content\/uploads\/2016\/05\/SkaBra_logo_RGB_250.png","width":250,"height":174},{"@type":"BreadcrumbList","@id":"https:\/\/www.skabra.no\/?page_id=133#breadcrumb","itemListElement":[{"@type":"ListItem","position":1,"name":"Om SkaBra","item":"https:\/\/www.skabra.no\/?page_id=10"},{"@type":"ListItem","position":2,"name":"Vedtekter"}]},{"@type":"WebSite","@id":"https:\/\/www.skabra.no\/#website","url":"https:\/\/www.skabra.no\/","name":"Skadedyrbedriftenes Bransjeorganisasjon","description":"SKABRA setter milj\u00f8 og trygghet i fokus","publisher":{"@id":"https:\/\/www.skabra.no\/#organization"},"potentialAction":[{"@type":"SearchAction","target":{"@type":"EntryPoint","urlTemplate":"https:\/\/www.skabra.no\/?s={search_term_string}"},"query-input":{"@type":"PropertyValueSpecification","valueRequired":true,"valueName":"search_term_string"}}],"inLanguage":"nb-NO"},{"@type":"Organization","@id":"https:\/\/www.skabra.no\/#organization","name":"Skadedyrbedriftenes Bransjeorganisasjon","url":"https:\/\/www.skabra.no\/","logo":{"@type":"ImageObject","inLanguage":"nb-NO","@id":"https:\/\/www.skabra.no\/#\/schema\/logo\/image\/","url":"https:\/\/www.skabra.no\/wp-content\/uploads\/2016\/05\/SkaBra_logo_RGB_125.png","contentUrl":"https:\/\/www.skabra.no\/wp-content\/uploads\/2016\/05\/SkaBra_logo_RGB_125.png","width":125,"height":87,"caption":"Skadedyrbedriftenes Bransjeorganisasjon"},"image":{"@id":"https:\/\/www.skabra.no\/#\/schema\/logo\/image\/"}}]}},"_links":{"self":[{"href":"https:\/\/www.skabra.no\/index.php?rest_route=\/wp\/v2\/pages\/133","targetHints":{"allow":["GET"]}}],"collection":[{"href":"https:\/\/www.skabra.no\/index.php?rest_route=\/wp\/v2\/pages"}],"about":[{"href":"https:\/\/www.skabra.no\/index.php?rest_route=\/wp\/v2\/types\/page"}],"author":[{"embeddable":true,"href":"https:\/\/www.skabra.no\/index.php?rest_route=\/wp\/v2\/users\/5"}],"replies":[{"embeddable":true,"href":"https:\/\/www.skabra.no\/index.php?rest_route=%2Fwp%2Fv2%2Fcomments&post=133"}],"version-history":[{"count":2,"href":"https:\/\/www.skabra.no\/index.php?rest_route=\/wp\/v2\/pages\/133\/revisions"}],"predecessor-version":[{"id":922,"href":"https:\/\/www.skabra.no\/index.php?rest_route=\/wp\/v2\/pages\/133\/revisions\/922"}],"up":[{"embeddable":true,"href":"https:\/\/www.skabra.no\/index.php?rest_route=\/wp\/v2\/pages\/10"}],"wp:attachment":[{"href":"https:\/\/www.skabra.no\/index.php?rest_route=%2Fwp%2Fv2%2Fmedia&parent=133"}],"curies":[{"name":"wp","href":"https:\/\/api.w.org\/{rel}","templated":true}]}}