{"id":148,"date":"2016-05-24T23:05:33","date_gmt":"2016-05-24T21:05:33","guid":{"rendered":"https:\/\/141801-www.web.tornado-node.net\/?page_id=148"},"modified":"2023-06-07T17:39:57","modified_gmt":"2023-06-07T15:39:57","slug":"bli-medlem","status":"publish","type":"page","link":"https:\/\/www.skabra.no\/?page_id=148","title":{"rendered":"Bli medlem"},"content":{"rendered":"<p>SKABRA vil i henhold til vedtektenes paragtaf 1.6, &laquo;Bidra til \u00e5 utforme en bransjestandard \/ kvalitetsnorm for skadedyrbransjen&raquo;.<\/p>\n<p>I henhold til dette, vil SKABRA kontinuerlig arbeide med \u00e5 implementere nye standarder som skal gjelde for eksisterende og nye medlemmer.<\/p>\n<p>\u00d8nsker din bedrift \u00e5 bli medlem, ber vi deg om \u00e5 sende oss en e-post til: <a href=\"mailto:post@skabra.no\"><strong>post@skabra.no<\/strong><\/a><strong>\u00a0<\/strong><\/p>\n<h2>Her er et utvalg av vedtektene, som omtaler krav til medlemmer<\/h2>\n<h3>3. MEDLEMSKAP:<\/h3>\n<ul>\n<li>Medlemskap i SkaBra kan de s\u00f8ke som:\n<ul>\n<li>Er norsk registrert foretak i Enhetsregisteret eller Foretaksregisteret<\/li>\n<li>Har bekjempelse av skadedyr som en del av foretakets virksomhet.<\/li>\n<li>Har minst en offentlig godkjent skadedyrbekjemper som ansatt eller eier av foretaket.<\/li>\n<li>Ut\u00f8ver ervervsmessig skadedyrkontroll.<\/li>\n<\/ul>\n<\/li>\n<li>Dersom flere foretak (franchiser, avdelinger, samarbeidende foretak) i det vesentlige framst\u00e5r som et foretak utad, kan disse foretak kun ha et medlemskap. Likeledes kan flere foretak som har samme eier ogs\u00e5 bare ha et medlemskap.<\/li>\n<li>S\u00f8knad om medlemskap rettes til styret, som innvilger\/avsl\u00e5r medlemskap. Styret kan bare avsl\u00e5 medlemskap dersom det har saklig grunn<\/li>\n<li>Medlemskap i foreningen er f\u00f8rst gyldig og skal regnes fra den dag kontingent og serviceavgift er betalt.<\/li>\n<\/ul>\n<h3>5. MEDLEMENE PLIKTER:<\/h3>\n<ul>\n<li>\u00c5 arbeide for de form\u00e5l SkaBra har satt seg.<\/li>\n<li>\u00c5 innbetale serviceavgift og kontingent til rett tid.<\/li>\n<li>\u00c5 ha en god ansvarsforsikring etter bedriftens aktivitet og st\u00f8rrelse.<\/li>\n<\/ul>\n","protected":false},"excerpt":{"rendered":"<p>SKABRA vil i henhold til vedtektenes paragtaf 1.6, &laquo;Bidra til \u00e5 utforme en bransjestandard \/ kvalitetsnorm for skadedyrbransjen&raquo;. I henhold til dette, vil SKABRA kontinuerlig arbeide med \u00e5 implementere nye&hellip;<a href=\"https:\/\/www.skabra.no\/?page_id=148\" class=\"more-link\"><span class=\"more-button\">Les mer&#8230;..<span class=\"screen-reader-text\">Bli medlem<\/span><\/span><\/a><\/p>\n","protected":false},"author":5,"featured_media":0,"parent":12,"menu_order":12,"comment_status":"closed","ping_status":"closed","template":"","meta":{"footnotes":""},"class_list":["post-148","page","type-page","status-publish","hentry"],"yoast_head":"<!-- This site is optimized with the Yoast SEO plugin v27.4 - https:\/\/yoast.com\/product\/yoast-seo-wordpress\/ -->\n<title>Bli medlem - Skadedyrbedriftenes Bransjeorganisasjon<\/title>\n<meta name=\"robots\" content=\"index, follow, max-snippet:-1, max-image-preview:large, max-video-preview:-1\" \/>\n<link rel=\"canonical\" href=\"https:\/\/www.skabra.no\/?page_id=148\" \/>\n<meta property=\"og:locale\" content=\"nb_NO\" \/>\n<meta property=\"og:type\" content=\"article\" \/>\n<meta property=\"og:title\" content=\"Bli medlem - Skadedyrbedriftenes Bransjeorganisasjon\" \/>\n<meta property=\"og:description\" content=\"SKABRA vil i henhold til vedtektenes paragtaf 1.6, &laquo;Bidra til \u00e5 utforme en bransjestandard \/ kvalitetsnorm for skadedyrbransjen&raquo;. I henhold til dette, vil SKABRA kontinuerlig arbeide med \u00e5 implementere nye&hellip;Les mer.....Bli medlem\" \/>\n<meta property=\"og:url\" content=\"https:\/\/www.skabra.no\/?page_id=148\" \/>\n<meta property=\"og:site_name\" content=\"Skadedyrbedriftenes Bransjeorganisasjon\" \/>\n<meta property=\"article:modified_time\" content=\"2023-06-07T15:39:57+00:00\" \/>\n<meta name=\"twitter:card\" content=\"summary_large_image\" \/>\n<meta name=\"twitter:label1\" content=\"Ansl. lesetid\" \/>\n\t<meta name=\"twitter:data1\" content=\"1 minutt\" \/>\n<script type=\"application\/ld+json\" class=\"yoast-schema-graph\">{\"@context\":\"https:\\\/\\\/schema.org\",\"@graph\":[{\"@type\":\"WebPage\",\"@id\":\"https:\\\/\\\/www.skabra.no\\\/?page_id=148\",\"url\":\"https:\\\/\\\/www.skabra.no\\\/?page_id=148\",\"name\":\"Bli medlem - Skadedyrbedriftenes Bransjeorganisasjon\",\"isPartOf\":{\"@id\":\"https:\\\/\\\/www.skabra.no\\\/#website\"},\"datePublished\":\"2016-05-24T21:05:33+00:00\",\"dateModified\":\"2023-06-07T15:39:57+00:00\",\"breadcrumb\":{\"@id\":\"https:\\\/\\\/www.skabra.no\\\/?page_id=148#breadcrumb\"},\"inLanguage\":\"nb-NO\",\"potentialAction\":[{\"@type\":\"ReadAction\",\"target\":[\"https:\\\/\\\/www.skabra.no\\\/?page_id=148\"]}]},{\"@type\":\"BreadcrumbList\",\"@id\":\"https:\\\/\\\/www.skabra.no\\\/?page_id=148#breadcrumb\",\"itemListElement\":[{\"@type\":\"ListItem\",\"position\":1,\"name\":\"Medlemsskap\",\"item\":\"https:\\\/\\\/www.skabra.no\\\/?page_id=12\"},{\"@type\":\"ListItem\",\"position\":2,\"name\":\"Bli medlem\"}]},{\"@type\":\"WebSite\",\"@id\":\"https:\\\/\\\/www.skabra.no\\\/#website\",\"url\":\"https:\\\/\\\/www.skabra.no\\\/\",\"name\":\"Skadedyrbedriftenes Bransjeorganisasjon\",\"description\":\"SKABRA setter milj\u00f8 og trygghet i fokus\",\"publisher\":{\"@id\":\"https:\\\/\\\/www.skabra.no\\\/#organization\"},\"potentialAction\":[{\"@type\":\"SearchAction\",\"target\":{\"@type\":\"EntryPoint\",\"urlTemplate\":\"https:\\\/\\\/www.skabra.no\\\/?s={search_term_string}\"},\"query-input\":{\"@type\":\"PropertyValueSpecification\",\"valueRequired\":true,\"valueName\":\"search_term_string\"}}],\"inLanguage\":\"nb-NO\"},{\"@type\":\"Organization\",\"@id\":\"https:\\\/\\\/www.skabra.no\\\/#organization\",\"name\":\"Skadedyrbedriftenes Bransjeorganisasjon\",\"url\":\"https:\\\/\\\/www.skabra.no\\\/\",\"logo\":{\"@type\":\"ImageObject\",\"inLanguage\":\"nb-NO\",\"@id\":\"https:\\\/\\\/www.skabra.no\\\/#\\\/schema\\\/logo\\\/image\\\/\",\"url\":\"https:\\\/\\\/www.skabra.no\\\/wp-content\\\/uploads\\\/2016\\\/05\\\/SkaBra_logo_RGB_125.png\",\"contentUrl\":\"https:\\\/\\\/www.skabra.no\\\/wp-content\\\/uploads\\\/2016\\\/05\\\/SkaBra_logo_RGB_125.png\",\"width\":125,\"height\":87,\"caption\":\"Skadedyrbedriftenes Bransjeorganisasjon\"},\"image\":{\"@id\":\"https:\\\/\\\/www.skabra.no\\\/#\\\/schema\\\/logo\\\/image\\\/\"}}]}<\/script>\n<!-- \/ Yoast SEO plugin. -->","yoast_head_json":{"title":"Bli medlem - Skadedyrbedriftenes Bransjeorganisasjon","robots":{"index":"index","follow":"follow","max-snippet":"max-snippet:-1","max-image-preview":"max-image-preview:large","max-video-preview":"max-video-preview:-1"},"canonical":"https:\/\/www.skabra.no\/?page_id=148","og_locale":"nb_NO","og_type":"article","og_title":"Bli medlem - Skadedyrbedriftenes Bransjeorganisasjon","og_description":"SKABRA vil i henhold til vedtektenes paragtaf 1.6, &laquo;Bidra til \u00e5 utforme en bransjestandard \/ kvalitetsnorm for skadedyrbransjen&raquo;. I henhold til dette, vil SKABRA kontinuerlig arbeide med \u00e5 implementere nye&hellip;Les mer.....Bli medlem","og_url":"https:\/\/www.skabra.no\/?page_id=148","og_site_name":"Skadedyrbedriftenes Bransjeorganisasjon","article_modified_time":"2023-06-07T15:39:57+00:00","twitter_card":"summary_large_image","twitter_misc":{"Ansl. lesetid":"1 minutt"},"schema":{"@context":"https:\/\/schema.org","@graph":[{"@type":"WebPage","@id":"https:\/\/www.skabra.no\/?page_id=148","url":"https:\/\/www.skabra.no\/?page_id=148","name":"Bli medlem - Skadedyrbedriftenes Bransjeorganisasjon","isPartOf":{"@id":"https:\/\/www.skabra.no\/#website"},"datePublished":"2016-05-24T21:05:33+00:00","dateModified":"2023-06-07T15:39:57+00:00","breadcrumb":{"@id":"https:\/\/www.skabra.no\/?page_id=148#breadcrumb"},"inLanguage":"nb-NO","potentialAction":[{"@type":"ReadAction","target":["https:\/\/www.skabra.no\/?page_id=148"]}]},{"@type":"BreadcrumbList","@id":"https:\/\/www.skabra.no\/?page_id=148#breadcrumb","itemListElement":[{"@type":"ListItem","position":1,"name":"Medlemsskap","item":"https:\/\/www.skabra.no\/?page_id=12"},{"@type":"ListItem","position":2,"name":"Bli medlem"}]},{"@type":"WebSite","@id":"https:\/\/www.skabra.no\/#website","url":"https:\/\/www.skabra.no\/","name":"Skadedyrbedriftenes Bransjeorganisasjon","description":"SKABRA setter milj\u00f8 og trygghet i fokus","publisher":{"@id":"https:\/\/www.skabra.no\/#organization"},"potentialAction":[{"@type":"SearchAction","target":{"@type":"EntryPoint","urlTemplate":"https:\/\/www.skabra.no\/?s={search_term_string}"},"query-input":{"@type":"PropertyValueSpecification","valueRequired":true,"valueName":"search_term_string"}}],"inLanguage":"nb-NO"},{"@type":"Organization","@id":"https:\/\/www.skabra.no\/#organization","name":"Skadedyrbedriftenes Bransjeorganisasjon","url":"https:\/\/www.skabra.no\/","logo":{"@type":"ImageObject","inLanguage":"nb-NO","@id":"https:\/\/www.skabra.no\/#\/schema\/logo\/image\/","url":"https:\/\/www.skabra.no\/wp-content\/uploads\/2016\/05\/SkaBra_logo_RGB_125.png","contentUrl":"https:\/\/www.skabra.no\/wp-content\/uploads\/2016\/05\/SkaBra_logo_RGB_125.png","width":125,"height":87,"caption":"Skadedyrbedriftenes Bransjeorganisasjon"},"image":{"@id":"https:\/\/www.skabra.no\/#\/schema\/logo\/image\/"}}]}},"_links":{"self":[{"href":"https:\/\/www.skabra.no\/index.php?rest_route=\/wp\/v2\/pages\/148","targetHints":{"allow":["GET"]}}],"collection":[{"href":"https:\/\/www.skabra.no\/index.php?rest_route=\/wp\/v2\/pages"}],"about":[{"href":"https:\/\/www.skabra.no\/index.php?rest_route=\/wp\/v2\/types\/page"}],"author":[{"embeddable":true,"href":"https:\/\/www.skabra.no\/index.php?rest_route=\/wp\/v2\/users\/5"}],"replies":[{"embeddable":true,"href":"https:\/\/www.skabra.no\/index.php?rest_route=%2Fwp%2Fv2%2Fcomments&post=148"}],"version-history":[{"count":1,"href":"https:\/\/www.skabra.no\/index.php?rest_route=\/wp\/v2\/pages\/148\/revisions"}],"predecessor-version":[{"id":1207,"href":"https:\/\/www.skabra.no\/index.php?rest_route=\/wp\/v2\/pages\/148\/revisions\/1207"}],"up":[{"embeddable":true,"href":"https:\/\/www.skabra.no\/index.php?rest_route=\/wp\/v2\/pages\/12"}],"wp:attachment":[{"href":"https:\/\/www.skabra.no\/index.php?rest_route=%2Fwp%2Fv2%2Fmedia&parent=148"}],"curies":[{"name":"wp","href":"https:\/\/api.w.org\/{rel}","templated":true}]}}