{"id":150,"date":"2016-05-24T23:06:06","date_gmt":"2016-05-24T21:06:06","guid":{"rendered":"https:\/\/141801-www.web.tornado-node.net\/?page_id=150"},"modified":"2023-06-07T17:39:56","modified_gmt":"2023-06-07T15:39:56","slug":"medlemsfordeler","status":"publish","type":"page","link":"https:\/\/www.skabra.no\/?page_id=150","title":{"rendered":"Medlemsfordeler"},"content":{"rendered":"<p>Som medlem i SKABRA f\u00e5r du tilgang til en rekke gunstige avtaler og fordeler. Rabattavtalene gjelder i de fleste tilfeller ogs\u00e5 for alle medlemmene sine ansatte. Det skal l\u00f8nne seg \u00e5 v\u00e6re medlem hos oss. Medlemslister blir jevnlig oppdatert for alle leverand\u00f8rer. Nedenfor finner du mer informasjon om hver enkelt medlemsfordel;<\/p>\n<p><em><div id=\"tablepress-3-scroll-wrapper\" class=\"tablepress-scroll-wrapper\">\n\n<table id=\"tablepress-3\" class=\"tablepress tablepress-id-3 tablepress-responsive\">\n<thead>\n<tr class=\"row-1\">\n\t<th class=\"column-1\">Firma<\/th><th class=\"column-2\">Tjeneste\/produkt<\/th><th class=\"column-3\">Rabatt<\/th><th class=\"column-4\">Kontaktperson<\/th><th class=\"column-5\">Telefon<\/th>\n<\/tr>\n<\/thead>\n<tbody class=\"row-striping row-hover\">\n<tr class=\"row-2\">\n\t<td class=\"column-1\"><a href=\"http:\/\/www.f-tech.no\/ target=\"New\"\">F-Tech<\/a><\/td><td class=\"column-2\">Avfuktere<\/td><td class=\"column-3\">44-47%<\/td><td class=\"column-4\"><a href=\"mailto:monica@f-tech.no\">Monica Aarethun<\/a><\/td><td class=\"column-5\">94 13 13 33<\/td>\n<\/tr>\n<tr class=\"row-3\">\n\t<td class=\"column-1\"><a href=\"http:\/\/www.easypark.no\/\" target=\"New\" rel=\"noopener noreferrer\">EasyPark<\/a><\/td><td class=\"column-2\">Parkering<\/td><td class=\"column-3\">10% + fri etablering<\/td><td class=\"column-4\"><a href=\"mailto:salgssupport@easypark.net\">Mats Bekkevold<\/a><\/td><td class=\"column-5\">99 29 11 73<\/td>\n<\/tr>\n<tr class=\"row-4\">\n\t<td class=\"column-1\">TSK Skadedyrkontroll<\/td><td class=\"column-2\">Biozone<\/td><td class=\"column-3\">20%<\/td><td class=\"column-4\"><a href=\"mailto:post@skadedyrkontroll.biz\">Kenneth Ervik<\/a><\/td><td class=\"column-5\">92 82 24 44<\/td>\n<\/tr>\n<tr class=\"row-5\">\n\t<td class=\"column-1\"><a href=\"http:\/\/www.kredinor.no\/\" target=\"New\" rel=\"noopener noreferrer\">Kredinor<\/a><\/td><td class=\"column-2\">Inkasso<\/td><td class=\"column-3\">Kun medlemer <div class=\"content-control-container jp-cc content-control-not-accessible jp-cc-not-accessible\"><\/div><\/td><td class=\"column-4\"><a href=\"mailto:liv.sundt@kredinor.no\">Liv Sundt<\/a><\/td><td class=\"column-5\">55 57 33 88<br\/>48 12 26 80<\/td>\n<\/tr>\n<tr class=\"row-6\">\n\t<td class=\"column-1\"><a href=\"http:\/\/www.bilservice.no\/ target=\"New\"\">Bil-service<\/a><\/td><td class=\"column-2\"><a href=\"http:\/\/www.ford.no\/\">Bil<\/a><\/td><td class=\"column-3\">Konfidensiell<\/td><td class=\"column-4\"><a href=\"mailto:tore.morgan.johnsen@bilService.no\">Tore Morgan Johnsen<\/a><\/td><td class=\"column-5\">91 18 54 45<\/td>\n<\/tr>\n<tr class=\"row-7\">\n\t<td class=\"column-1\"><a href=\"http:\/\/www.bilservice.no\/\" target=\"New\" rel=\"noopener noreferrer\">Bil-Service Personbiler AS<\/a><\/td><td class=\"column-2\">Ford Motor Norge<\/td><td class=\"column-3\">Kun medlemer <div class=\"content-control-container jp-cc content-control-not-accessible jp-cc-not-accessible\"><\/div><\/td><td class=\"column-4\"><a href=\"mailto:Petter.Jorgensen@bilservice.no\">Petter J\u00f8rgensen<\/a><\/td><td class=\"column-5\">97 11 10 09<\/td>\n<\/tr>\n<tr class=\"row-8\">\n\t<td class=\"column-1\"><a href=\"http:\/\/www.bekkenstrom.no\/\" target=\"New\" rel=\"noopener noreferrer\">Bekken &amp; Str\u00f8m<\/a><\/td><td class=\"column-2\">Personvern og sikkerhet<\/td><td class=\"column-3\">Alle v\u00e5re BS kl\u00e6r -45%<br \/>\nVern :- 40%<br \/>\nSko :\u2013 40%<br \/>\n<a href=\"\/wp-content\/uploads\/2020\/03\/SKABRA-Tilbud.pdf\" target=\"New\" rel=\"noopener noreferrer\">Tilbud<\/a><\/td><td class=\"column-4\"><a href=\"mailto:marianne.aase@bekkenstrom.no\">Marianne Aase<\/a><\/td><td class=\"column-5\">92 09 64 71<\/td>\n<\/tr>\n<tr class=\"row-9\">\n\t<td class=\"column-1\"><a href=\"http:\/\/www.sortimo.no\/\" target=\"New\" rel=\"noopener noreferrer\">Sortimo<\/a><\/td><td class=\"column-2\">Bilinnredning<\/td><td class=\"column-3\"><a href=\"wp-content\/uploads\/2024\/10\/Medlemstilbud-sortimo-2024.pdf\">Se avtale<\/a><\/td><td class=\"column-4\"><a href=\"mailto:KGaarder@sortimo.no\">Kim Andre Gaarder<\/a><\/td><td class=\"column-5\">22 72 92 70<br\/>40 32 26 83<\/td>\n<\/tr>\n<\/tbody>\n<\/table>\n\n<\/div><!-- #tablepress-3 from cache --><\/em><\/p>\n<p><em>* Det taes forbehold om forandringer fra leverand\u00f8r<\/em><\/p>\n<p>* <strong>SKABRA har inng\u00e5tt en MEGET bra rabattavtale med Bil-service personbiler og Ford Motor Norge. Denne rabattavtalen er konfidensiell, men ta kontakt med SKABRA for mer informasjon. Rabattavtalen gjelder bare rabatt p\u00e5 kj\u00f8p\/leasing av nye Ford vare- og personbiler.\u00a0<\/strong><\/p>\n","protected":false},"excerpt":{"rendered":"<p>Som medlem i SKABRA f\u00e5r du tilgang til en rekke gunstige avtaler og fordeler. Rabattavtalene gjelder i de fleste tilfeller ogs\u00e5 for alle medlemmene sine ansatte. Det skal l\u00f8nne seg&hellip;<a href=\"https:\/\/www.skabra.no\/?page_id=150\" class=\"more-link\"><span class=\"more-button\">Les mer&#8230;..<span class=\"screen-reader-text\">Medlemsfordeler<\/span><\/span><\/a><\/p>\n","protected":false},"author":5,"featured_media":0,"parent":12,"menu_order":11,"comment_status":"closed","ping_status":"closed","template":"","meta":{"footnotes":""},"class_list":["post-150","page","type-page","status-publish","hentry"],"yoast_head":"<!-- This site is optimized with the Yoast SEO plugin v27.5 - https:\/\/yoast.com\/product\/yoast-seo-wordpress\/ -->\n<title>Medlemsfordeler - Skadedyrbedriftenes Bransjeorganisasjon<\/title>\n<meta name=\"robots\" content=\"index, follow, max-snippet:-1, max-image-preview:large, max-video-preview:-1\" \/>\n<link rel=\"canonical\" href=\"https:\/\/www.skabra.no\/?page_id=150\" \/>\n<meta property=\"og:locale\" content=\"nb_NO\" \/>\n<meta property=\"og:type\" content=\"article\" \/>\n<meta property=\"og:title\" content=\"Medlemsfordeler - Skadedyrbedriftenes Bransjeorganisasjon\" \/>\n<meta property=\"og:description\" content=\"Som medlem i SKABRA f\u00e5r du tilgang til en rekke gunstige avtaler og fordeler. Rabattavtalene gjelder i de fleste tilfeller ogs\u00e5 for alle medlemmene sine ansatte. Det skal l\u00f8nne seg&hellip;Les mer.....Medlemsfordeler\" \/>\n<meta property=\"og:url\" content=\"https:\/\/www.skabra.no\/?page_id=150\" \/>\n<meta property=\"og:site_name\" content=\"Skadedyrbedriftenes Bransjeorganisasjon\" \/>\n<meta property=\"article:modified_time\" content=\"2023-06-07T15:39:56+00:00\" \/>\n<meta name=\"twitter:card\" content=\"summary_large_image\" \/>\n<meta name=\"twitter:label1\" content=\"Ansl. lesetid\" \/>\n\t<meta name=\"twitter:data1\" content=\"1 minutt\" \/>\n<script type=\"application\/ld+json\" class=\"yoast-schema-graph\">{\"@context\":\"https:\\\/\\\/schema.org\",\"@graph\":[{\"@type\":\"WebPage\",\"@id\":\"https:\\\/\\\/www.skabra.no\\\/?page_id=150\",\"url\":\"https:\\\/\\\/www.skabra.no\\\/?page_id=150\",\"name\":\"Medlemsfordeler - Skadedyrbedriftenes Bransjeorganisasjon\",\"isPartOf\":{\"@id\":\"https:\\\/\\\/www.skabra.no\\\/#website\"},\"datePublished\":\"2016-05-24T21:06:06+00:00\",\"dateModified\":\"2023-06-07T15:39:56+00:00\",\"breadcrumb\":{\"@id\":\"https:\\\/\\\/www.skabra.no\\\/?page_id=150#breadcrumb\"},\"inLanguage\":\"nb-NO\",\"potentialAction\":[{\"@type\":\"ReadAction\",\"target\":[\"https:\\\/\\\/www.skabra.no\\\/?page_id=150\"]}]},{\"@type\":\"BreadcrumbList\",\"@id\":\"https:\\\/\\\/www.skabra.no\\\/?page_id=150#breadcrumb\",\"itemListElement\":[{\"@type\":\"ListItem\",\"position\":1,\"name\":\"Medlemsskap\",\"item\":\"https:\\\/\\\/www.skabra.no\\\/?page_id=12\"},{\"@type\":\"ListItem\",\"position\":2,\"name\":\"Medlemsfordeler\"}]},{\"@type\":\"WebSite\",\"@id\":\"https:\\\/\\\/www.skabra.no\\\/#website\",\"url\":\"https:\\\/\\\/www.skabra.no\\\/\",\"name\":\"Skadedyrbedriftenes Bransjeorganisasjon\",\"description\":\"SKABRA setter milj\u00f8 og trygghet i fokus\",\"publisher\":{\"@id\":\"https:\\\/\\\/www.skabra.no\\\/#organization\"},\"potentialAction\":[{\"@type\":\"SearchAction\",\"target\":{\"@type\":\"EntryPoint\",\"urlTemplate\":\"https:\\\/\\\/www.skabra.no\\\/?s={search_term_string}\"},\"query-input\":{\"@type\":\"PropertyValueSpecification\",\"valueRequired\":true,\"valueName\":\"search_term_string\"}}],\"inLanguage\":\"nb-NO\"},{\"@type\":\"Organization\",\"@id\":\"https:\\\/\\\/www.skabra.no\\\/#organization\",\"name\":\"Skadedyrbedriftenes Bransjeorganisasjon\",\"url\":\"https:\\\/\\\/www.skabra.no\\\/\",\"logo\":{\"@type\":\"ImageObject\",\"inLanguage\":\"nb-NO\",\"@id\":\"https:\\\/\\\/www.skabra.no\\\/#\\\/schema\\\/logo\\\/image\\\/\",\"url\":\"https:\\\/\\\/www.skabra.no\\\/wp-content\\\/uploads\\\/2016\\\/05\\\/SkaBra_logo_RGB_125.png\",\"contentUrl\":\"https:\\\/\\\/www.skabra.no\\\/wp-content\\\/uploads\\\/2016\\\/05\\\/SkaBra_logo_RGB_125.png\",\"width\":125,\"height\":87,\"caption\":\"Skadedyrbedriftenes Bransjeorganisasjon\"},\"image\":{\"@id\":\"https:\\\/\\\/www.skabra.no\\\/#\\\/schema\\\/logo\\\/image\\\/\"}}]}<\/script>\n<!-- \/ Yoast SEO plugin. -->","yoast_head_json":{"title":"Medlemsfordeler - Skadedyrbedriftenes Bransjeorganisasjon","robots":{"index":"index","follow":"follow","max-snippet":"max-snippet:-1","max-image-preview":"max-image-preview:large","max-video-preview":"max-video-preview:-1"},"canonical":"https:\/\/www.skabra.no\/?page_id=150","og_locale":"nb_NO","og_type":"article","og_title":"Medlemsfordeler - Skadedyrbedriftenes Bransjeorganisasjon","og_description":"Som medlem i SKABRA f\u00e5r du tilgang til en rekke gunstige avtaler og fordeler. Rabattavtalene gjelder i de fleste tilfeller ogs\u00e5 for alle medlemmene sine ansatte. Det skal l\u00f8nne seg&hellip;Les mer.....Medlemsfordeler","og_url":"https:\/\/www.skabra.no\/?page_id=150","og_site_name":"Skadedyrbedriftenes Bransjeorganisasjon","article_modified_time":"2023-06-07T15:39:56+00:00","twitter_card":"summary_large_image","twitter_misc":{"Ansl. lesetid":"1 minutt"},"schema":{"@context":"https:\/\/schema.org","@graph":[{"@type":"WebPage","@id":"https:\/\/www.skabra.no\/?page_id=150","url":"https:\/\/www.skabra.no\/?page_id=150","name":"Medlemsfordeler - Skadedyrbedriftenes Bransjeorganisasjon","isPartOf":{"@id":"https:\/\/www.skabra.no\/#website"},"datePublished":"2016-05-24T21:06:06+00:00","dateModified":"2023-06-07T15:39:56+00:00","breadcrumb":{"@id":"https:\/\/www.skabra.no\/?page_id=150#breadcrumb"},"inLanguage":"nb-NO","potentialAction":[{"@type":"ReadAction","target":["https:\/\/www.skabra.no\/?page_id=150"]}]},{"@type":"BreadcrumbList","@id":"https:\/\/www.skabra.no\/?page_id=150#breadcrumb","itemListElement":[{"@type":"ListItem","position":1,"name":"Medlemsskap","item":"https:\/\/www.skabra.no\/?page_id=12"},{"@type":"ListItem","position":2,"name":"Medlemsfordeler"}]},{"@type":"WebSite","@id":"https:\/\/www.skabra.no\/#website","url":"https:\/\/www.skabra.no\/","name":"Skadedyrbedriftenes Bransjeorganisasjon","description":"SKABRA setter milj\u00f8 og trygghet i fokus","publisher":{"@id":"https:\/\/www.skabra.no\/#organization"},"potentialAction":[{"@type":"SearchAction","target":{"@type":"EntryPoint","urlTemplate":"https:\/\/www.skabra.no\/?s={search_term_string}"},"query-input":{"@type":"PropertyValueSpecification","valueRequired":true,"valueName":"search_term_string"}}],"inLanguage":"nb-NO"},{"@type":"Organization","@id":"https:\/\/www.skabra.no\/#organization","name":"Skadedyrbedriftenes Bransjeorganisasjon","url":"https:\/\/www.skabra.no\/","logo":{"@type":"ImageObject","inLanguage":"nb-NO","@id":"https:\/\/www.skabra.no\/#\/schema\/logo\/image\/","url":"https:\/\/www.skabra.no\/wp-content\/uploads\/2016\/05\/SkaBra_logo_RGB_125.png","contentUrl":"https:\/\/www.skabra.no\/wp-content\/uploads\/2016\/05\/SkaBra_logo_RGB_125.png","width":125,"height":87,"caption":"Skadedyrbedriftenes Bransjeorganisasjon"},"image":{"@id":"https:\/\/www.skabra.no\/#\/schema\/logo\/image\/"}}]}},"_links":{"self":[{"href":"https:\/\/www.skabra.no\/index.php?rest_route=\/wp\/v2\/pages\/150","targetHints":{"allow":["GET"]}}],"collection":[{"href":"https:\/\/www.skabra.no\/index.php?rest_route=\/wp\/v2\/pages"}],"about":[{"href":"https:\/\/www.skabra.no\/index.php?rest_route=\/wp\/v2\/types\/page"}],"author":[{"embeddable":true,"href":"https:\/\/www.skabra.no\/index.php?rest_route=\/wp\/v2\/users\/5"}],"replies":[{"embeddable":true,"href":"https:\/\/www.skabra.no\/index.php?rest_route=%2Fwp%2Fv2%2Fcomments&post=150"}],"version-history":[{"count":2,"href":"https:\/\/www.skabra.no\/index.php?rest_route=\/wp\/v2\/pages\/150\/revisions"}],"predecessor-version":[{"id":1237,"href":"https:\/\/www.skabra.no\/index.php?rest_route=\/wp\/v2\/pages\/150\/revisions\/1237"}],"up":[{"embeddable":true,"href":"https:\/\/www.skabra.no\/index.php?rest_route=\/wp\/v2\/pages\/12"}],"wp:attachment":[{"href":"https:\/\/www.skabra.no\/index.php?rest_route=%2Fwp%2Fv2%2Fmedia&parent=150"}],"curies":[{"name":"wp","href":"https:\/\/api.w.org\/{rel}","templated":true}]}}