{"id":16,"date":"2016-05-24T16:19:21","date_gmt":"2016-05-24T14:19:21","guid":{"rendered":"https:\/\/141801-www.web.tornado-node.net\/?page_id=16"},"modified":"2023-06-07T17:39:57","modified_gmt":"2023-06-07T15:39:57","slug":"cepa-certified","status":"publish","type":"page","link":"https:\/\/www.skabra.no\/?page_id=16","title":{"rendered":"Cepa Certified"},"content":{"rendered":"<p><strong><a href=\"https:\/\/www.skabra.no\/wp-content\/uploads\/2022\/11\/logo_cc.png\"><img decoding=\"async\" class=\"alignright wp-image-1304 size-full\" src=\"https:\/\/www.skabra.no\/wp-content\/uploads\/2022\/11\/logo_cc.png\" alt=\"\" width=\"487\" height=\"67\" srcset=\"https:\/\/www.skabra.no\/wp-content\/uploads\/2022\/11\/logo_cc.png 487w, https:\/\/www.skabra.no\/wp-content\/uploads\/2022\/11\/logo_cc-300x41.png 300w\" sizes=\"(max-width: 487px) 100vw, 487px\" \/><\/a>CEPA &#8211; Confederation of European Pest Management Associations<\/strong> og dets medlemmer (bl.a. SKABRA) har sponset utviklingen av en europeisk standard (<strong>EN 16636<\/strong>) for skadedyrkontrollindustrien i samarbeid med det europeiske standardiseringsinstituttet (CEN).<\/p>\n<p>Denne Europeiske standarden presiserer kravene, anbefalingene og basiskompetansen som skadedyrbedrifter m\u00e5 operere under for \u00e5 m\u00f8te kundenes behov. V\u00e6re seg Private bedrifter, myndigheter eller privatpersoner.<\/p>\n<p>Som sponsor av CEN prosjektet, \u00f8nsker CEPA og medlemmene \u00e5 forsikre at industrien blir anerkjent for en ansvarlig tiln\u00e6rming til skadedyrkontroll i alle land av EU og EFTA.<\/p>\n<blockquote><p>En europeisk standard for skadedyrbransjen<\/p><\/blockquote>\n<p>Standarden vil skape en oppmerksomhet for verdien skadedyrindustrien representerer gjennom vedlikehold av helse og hygiene. Dette initiativet vil bidra til \u00e5 kontrollere ikke &#8211; profesjonell bruk.<\/p>\n<p>Introduksjonen av en europeisk standard, og den dialogen som dette har fostret, \u00a0vil styrke CEPAs interaksjon med de europeiske institusjonene og alle dets europeiske interessenter.<\/p>\n<h2>Mer informasjon<\/h2>\n<p>P\u00e5 disse sidene kan du lese mer om hvordan din bedrift kan bli &laquo;CEPA CERTIFIED&raquo;. Der finner du ogs\u00e5 en &laquo;SELV TEST&raquo;, som gir deg en indikasjon p\u00e5 hvor bedriften din st\u00e5r.<\/p>\n<p><a href=\"http:\/\/www.cepa-europe.org\/\">&laquo;LES MER OM CEPA og &laquo;CEPA CERTIFIED&raquo; HER<\/a><\/p>\n","protected":false},"excerpt":{"rendered":"<p>CEPA &#8211; Confederation of European Pest Management Associations og dets medlemmer (bl.a. SKABRA) har sponset utviklingen av en europeisk standard (EN 16636) for skadedyrkontrollindustrien i samarbeid med det europeiske standardiseringsinstituttet&hellip;<a href=\"https:\/\/www.skabra.no\/?page_id=16\" class=\"more-link\"><span class=\"more-button\">Les mer&#8230;..<span class=\"screen-reader-text\">Cepa Certified<\/span><\/span><\/a><\/p>\n","protected":false},"author":5,"featured_media":0,"parent":0,"menu_order":13,"comment_status":"closed","ping_status":"closed","template":"","meta":{"footnotes":""},"class_list":["post-16","page","type-page","status-publish","hentry"],"yoast_head":"<!-- This site is optimized with the Yoast SEO plugin v27.4 - https:\/\/yoast.com\/product\/yoast-seo-wordpress\/ -->\n<title>Cepa Certified - Skadedyrbedriftenes Bransjeorganisasjon<\/title>\n<meta name=\"robots\" content=\"index, follow, max-snippet:-1, max-image-preview:large, max-video-preview:-1\" \/>\n<link rel=\"canonical\" href=\"https:\/\/www.skabra.no\/?page_id=16\" \/>\n<meta property=\"og:locale\" content=\"nb_NO\" \/>\n<meta property=\"og:type\" content=\"article\" \/>\n<meta property=\"og:title\" content=\"Cepa Certified - Skadedyrbedriftenes Bransjeorganisasjon\" \/>\n<meta property=\"og:description\" content=\"CEPA &#8211; Confederation of European Pest Management Associations og dets medlemmer (bl.a. SKABRA) har sponset utviklingen av en europeisk standard (EN 16636) for skadedyrkontrollindustrien i samarbeid med det europeiske standardiseringsinstituttet&hellip;Les mer.....Cepa Certified\" \/>\n<meta property=\"og:url\" content=\"https:\/\/www.skabra.no\/?page_id=16\" \/>\n<meta property=\"og:site_name\" content=\"Skadedyrbedriftenes Bransjeorganisasjon\" \/>\n<meta property=\"article:modified_time\" content=\"2023-06-07T15:39:57+00:00\" \/>\n<meta property=\"og:image\" content=\"https:\/\/www.skabra.no\/wp-content\/uploads\/2022\/11\/logo_cc.png\" \/>\n<meta name=\"twitter:card\" content=\"summary_large_image\" \/>\n<meta name=\"twitter:label1\" content=\"Ansl. lesetid\" \/>\n\t<meta name=\"twitter:data1\" content=\"2 minutter\" \/>\n<script type=\"application\/ld+json\" class=\"yoast-schema-graph\">{\"@context\":\"https:\\\/\\\/schema.org\",\"@graph\":[{\"@type\":\"WebPage\",\"@id\":\"https:\\\/\\\/www.skabra.no\\\/?page_id=16\",\"url\":\"https:\\\/\\\/www.skabra.no\\\/?page_id=16\",\"name\":\"Cepa Certified - Skadedyrbedriftenes Bransjeorganisasjon\",\"isPartOf\":{\"@id\":\"https:\\\/\\\/www.skabra.no\\\/#website\"},\"primaryImageOfPage\":{\"@id\":\"https:\\\/\\\/www.skabra.no\\\/?page_id=16#primaryimage\"},\"image\":{\"@id\":\"https:\\\/\\\/www.skabra.no\\\/?page_id=16#primaryimage\"},\"thumbnailUrl\":\"https:\\\/\\\/www.skabra.no\\\/wp-content\\\/uploads\\\/2022\\\/11\\\/logo_cc.png\",\"datePublished\":\"2016-05-24T14:19:21+00:00\",\"dateModified\":\"2023-06-07T15:39:57+00:00\",\"inLanguage\":\"nb-NO\",\"potentialAction\":[{\"@type\":\"ReadAction\",\"target\":[\"https:\\\/\\\/www.skabra.no\\\/?page_id=16\"]}]},{\"@type\":\"ImageObject\",\"inLanguage\":\"nb-NO\",\"@id\":\"https:\\\/\\\/www.skabra.no\\\/?page_id=16#primaryimage\",\"url\":\"https:\\\/\\\/www.skabra.no\\\/wp-content\\\/uploads\\\/2022\\\/11\\\/logo_cc.png\",\"contentUrl\":\"https:\\\/\\\/www.skabra.no\\\/wp-content\\\/uploads\\\/2022\\\/11\\\/logo_cc.png\",\"width\":487,\"height\":67},{\"@type\":\"WebSite\",\"@id\":\"https:\\\/\\\/www.skabra.no\\\/#website\",\"url\":\"https:\\\/\\\/www.skabra.no\\\/\",\"name\":\"Skadedyrbedriftenes Bransjeorganisasjon\",\"description\":\"SKABRA setter milj\u00f8 og trygghet i fokus\",\"publisher\":{\"@id\":\"https:\\\/\\\/www.skabra.no\\\/#organization\"},\"potentialAction\":[{\"@type\":\"SearchAction\",\"target\":{\"@type\":\"EntryPoint\",\"urlTemplate\":\"https:\\\/\\\/www.skabra.no\\\/?s={search_term_string}\"},\"query-input\":{\"@type\":\"PropertyValueSpecification\",\"valueRequired\":true,\"valueName\":\"search_term_string\"}}],\"inLanguage\":\"nb-NO\"},{\"@type\":\"Organization\",\"@id\":\"https:\\\/\\\/www.skabra.no\\\/#organization\",\"name\":\"Skadedyrbedriftenes Bransjeorganisasjon\",\"url\":\"https:\\\/\\\/www.skabra.no\\\/\",\"logo\":{\"@type\":\"ImageObject\",\"inLanguage\":\"nb-NO\",\"@id\":\"https:\\\/\\\/www.skabra.no\\\/#\\\/schema\\\/logo\\\/image\\\/\",\"url\":\"https:\\\/\\\/www.skabra.no\\\/wp-content\\\/uploads\\\/2016\\\/05\\\/SkaBra_logo_RGB_125.png\",\"contentUrl\":\"https:\\\/\\\/www.skabra.no\\\/wp-content\\\/uploads\\\/2016\\\/05\\\/SkaBra_logo_RGB_125.png\",\"width\":125,\"height\":87,\"caption\":\"Skadedyrbedriftenes Bransjeorganisasjon\"},\"image\":{\"@id\":\"https:\\\/\\\/www.skabra.no\\\/#\\\/schema\\\/logo\\\/image\\\/\"}}]}<\/script>\n<!-- \/ Yoast SEO plugin. -->","yoast_head_json":{"title":"Cepa Certified - Skadedyrbedriftenes Bransjeorganisasjon","robots":{"index":"index","follow":"follow","max-snippet":"max-snippet:-1","max-image-preview":"max-image-preview:large","max-video-preview":"max-video-preview:-1"},"canonical":"https:\/\/www.skabra.no\/?page_id=16","og_locale":"nb_NO","og_type":"article","og_title":"Cepa Certified - Skadedyrbedriftenes Bransjeorganisasjon","og_description":"CEPA &#8211; Confederation of European Pest Management Associations og dets medlemmer (bl.a. SKABRA) har sponset utviklingen av en europeisk standard (EN 16636) for skadedyrkontrollindustrien i samarbeid med det europeiske standardiseringsinstituttet&hellip;Les mer.....Cepa Certified","og_url":"https:\/\/www.skabra.no\/?page_id=16","og_site_name":"Skadedyrbedriftenes Bransjeorganisasjon","article_modified_time":"2023-06-07T15:39:57+00:00","og_image":[{"url":"https:\/\/www.skabra.no\/wp-content\/uploads\/2022\/11\/logo_cc.png","type":"","width":"","height":""}],"twitter_card":"summary_large_image","twitter_misc":{"Ansl. lesetid":"2 minutter"},"schema":{"@context":"https:\/\/schema.org","@graph":[{"@type":"WebPage","@id":"https:\/\/www.skabra.no\/?page_id=16","url":"https:\/\/www.skabra.no\/?page_id=16","name":"Cepa Certified - Skadedyrbedriftenes Bransjeorganisasjon","isPartOf":{"@id":"https:\/\/www.skabra.no\/#website"},"primaryImageOfPage":{"@id":"https:\/\/www.skabra.no\/?page_id=16#primaryimage"},"image":{"@id":"https:\/\/www.skabra.no\/?page_id=16#primaryimage"},"thumbnailUrl":"https:\/\/www.skabra.no\/wp-content\/uploads\/2022\/11\/logo_cc.png","datePublished":"2016-05-24T14:19:21+00:00","dateModified":"2023-06-07T15:39:57+00:00","inLanguage":"nb-NO","potentialAction":[{"@type":"ReadAction","target":["https:\/\/www.skabra.no\/?page_id=16"]}]},{"@type":"ImageObject","inLanguage":"nb-NO","@id":"https:\/\/www.skabra.no\/?page_id=16#primaryimage","url":"https:\/\/www.skabra.no\/wp-content\/uploads\/2022\/11\/logo_cc.png","contentUrl":"https:\/\/www.skabra.no\/wp-content\/uploads\/2022\/11\/logo_cc.png","width":487,"height":67},{"@type":"WebSite","@id":"https:\/\/www.skabra.no\/#website","url":"https:\/\/www.skabra.no\/","name":"Skadedyrbedriftenes Bransjeorganisasjon","description":"SKABRA setter milj\u00f8 og trygghet i fokus","publisher":{"@id":"https:\/\/www.skabra.no\/#organization"},"potentialAction":[{"@type":"SearchAction","target":{"@type":"EntryPoint","urlTemplate":"https:\/\/www.skabra.no\/?s={search_term_string}"},"query-input":{"@type":"PropertyValueSpecification","valueRequired":true,"valueName":"search_term_string"}}],"inLanguage":"nb-NO"},{"@type":"Organization","@id":"https:\/\/www.skabra.no\/#organization","name":"Skadedyrbedriftenes Bransjeorganisasjon","url":"https:\/\/www.skabra.no\/","logo":{"@type":"ImageObject","inLanguage":"nb-NO","@id":"https:\/\/www.skabra.no\/#\/schema\/logo\/image\/","url":"https:\/\/www.skabra.no\/wp-content\/uploads\/2016\/05\/SkaBra_logo_RGB_125.png","contentUrl":"https:\/\/www.skabra.no\/wp-content\/uploads\/2016\/05\/SkaBra_logo_RGB_125.png","width":125,"height":87,"caption":"Skadedyrbedriftenes Bransjeorganisasjon"},"image":{"@id":"https:\/\/www.skabra.no\/#\/schema\/logo\/image\/"}}]}},"_links":{"self":[{"href":"https:\/\/www.skabra.no\/index.php?rest_route=\/wp\/v2\/pages\/16","targetHints":{"allow":["GET"]}}],"collection":[{"href":"https:\/\/www.skabra.no\/index.php?rest_route=\/wp\/v2\/pages"}],"about":[{"href":"https:\/\/www.skabra.no\/index.php?rest_route=\/wp\/v2\/types\/page"}],"author":[{"embeddable":true,"href":"https:\/\/www.skabra.no\/index.php?rest_route=\/wp\/v2\/users\/5"}],"replies":[{"embeddable":true,"href":"https:\/\/www.skabra.no\/index.php?rest_route=%2Fwp%2Fv2%2Fcomments&post=16"}],"version-history":[{"count":3,"href":"https:\/\/www.skabra.no\/index.php?rest_route=\/wp\/v2\/pages\/16\/revisions"}],"predecessor-version":[{"id":1305,"href":"https:\/\/www.skabra.no\/index.php?rest_route=\/wp\/v2\/pages\/16\/revisions\/1305"}],"wp:attachment":[{"href":"https:\/\/www.skabra.no\/index.php?rest_route=%2Fwp%2Fv2%2Fmedia&parent=16"}],"curies":[{"name":"wp","href":"https:\/\/api.w.org\/{rel}","templated":true}]}}