{"id":560,"date":"2016-11-10T23:57:18","date_gmt":"2016-11-10T22:57:18","guid":{"rendered":"https:\/\/141801-www.web.tornado-node.net\/?page_id=560"},"modified":"2023-06-07T17:39:54","modified_gmt":"2023-06-07T15:39:54","slug":"skadedyrdagene","status":"publish","type":"page","link":"https:\/\/www.skabra.no\/?page_id=560","title":{"rendered":"Skadedyrdagene"},"content":{"rendered":"\t\t<div data-elementor-type=\"wp-page\" data-elementor-id=\"560\" class=\"elementor elementor-560\">\n\t\t\t\t\t\t<section class=\"elementor-section elementor-top-section elementor-element elementor-element-35ff8324 elementor-section-boxed elementor-section-height-default elementor-section-height-default wpr-particle-no wpr-jarallax-no wpr-parallax-no wpr-sticky-section-no wpr-equal-height-no\" data-id=\"35ff8324\" data-element_type=\"section\" data-e-type=\"section\">\n\t\t\t\t\t\t<div class=\"elementor-container elementor-column-gap-default\">\n\t\t\t\t\t<div class=\"elementor-column elementor-col-100 elementor-top-column elementor-element elementor-element-588b1f3c\" data-id=\"588b1f3c\" data-element_type=\"column\" data-e-type=\"column\">\n\t\t\t<div class=\"elementor-widget-wrap elementor-element-populated\">\n\t\t\t\t\t\t<div class=\"elementor-element elementor-element-4fffe77a elementor-widget elementor-widget-text-editor\" data-id=\"4fffe77a\" data-element_type=\"widget\" data-e-type=\"widget\" data-widget_type=\"text-editor.default\">\n\t\t\t\t<div class=\"elementor-widget-container\">\n\t\t\t\t\t\t\t\t\t<p><strong>Et \u00e5rlig arrangement og m\u00f8tested<br \/><\/strong>For skadedyrbekjempere, kommunene, Folkehelseinstituttet m.fl. er Skadedyrdagene blitt et \u00e5rlig arrangement og m\u00f8tepunkt b\u00e5de faglig og sosialt. Det er Skadedyrbedriftenes bransjeorganisasjon som st\u00e5r for arrangementet med faglig bidrag fra Folkehelseinstituttet.<\/p><p>\u00a0<\/p><p><span style=\"color: #518466;\"><a style=\"color: #518466;\" href=\"http:\/\/www.skadedyrdagene.no\/\" target=\"_blank\" rel=\"noopener\">G\u00e5 til: Skadedyrdagene.no<\/a><\/span><\/p>\t\t\t\t\t\t\t\t<\/div>\n\t\t\t\t<\/div>\n\t\t\t\t\t<\/div>\n\t\t<\/div>\n\t\t\t\t\t<\/div>\n\t\t<\/section>\n\t\t\t\t<\/div>\n\t\t","protected":false},"excerpt":{"rendered":"<p>Et \u00e5rlig arrangement og m\u00f8testedFor skadedyrbekjempere, kommunene, Folkehelseinstituttet m.fl. er Skadedyrdagene blitt et \u00e5rlig arrangement og m\u00f8tepunkt b\u00e5de faglig og sosialt. Det er Skadedyrbedriftenes bransjeorganisasjon som st\u00e5r for arrangementet med&hellip;<a href=\"https:\/\/www.skabra.no\/?page_id=560\" class=\"more-link\"><span class=\"more-button\">Les mer&#8230;..<span class=\"screen-reader-text\">Skadedyrdagene<\/span><\/span><\/a><\/p>\n","protected":false},"author":5,"featured_media":0,"parent":10,"menu_order":3,"comment_status":"closed","ping_status":"closed","template":"","meta":{"footnotes":""},"class_list":["post-560","page","type-page","status-publish","hentry"],"yoast_head":"<!-- This site is optimized with the Yoast SEO plugin v27.4 - https:\/\/yoast.com\/product\/yoast-seo-wordpress\/ -->\n<title>Skadedyrdagene - Skadedyrbedriftenes Bransjeorganisasjon<\/title>\n<meta name=\"robots\" content=\"index, follow, max-snippet:-1, max-image-preview:large, max-video-preview:-1\" \/>\n<link rel=\"canonical\" href=\"https:\/\/www.skabra.no\/?page_id=560\" \/>\n<meta property=\"og:locale\" content=\"nb_NO\" \/>\n<meta property=\"og:type\" content=\"article\" \/>\n<meta property=\"og:title\" content=\"Skadedyrdagene - Skadedyrbedriftenes Bransjeorganisasjon\" \/>\n<meta property=\"og:description\" content=\"Et \u00e5rlig arrangement og m\u00f8testedFor skadedyrbekjempere, kommunene, Folkehelseinstituttet m.fl. er Skadedyrdagene blitt et \u00e5rlig arrangement og m\u00f8tepunkt b\u00e5de faglig og sosialt. Det er Skadedyrbedriftenes bransjeorganisasjon som st\u00e5r for arrangementet med&hellip;Les mer.....Skadedyrdagene\" \/>\n<meta property=\"og:url\" content=\"https:\/\/www.skabra.no\/?page_id=560\" \/>\n<meta property=\"og:site_name\" content=\"Skadedyrbedriftenes Bransjeorganisasjon\" \/>\n<meta property=\"article:modified_time\" content=\"2023-06-07T15:39:54+00:00\" \/>\n<meta name=\"twitter:card\" content=\"summary_large_image\" \/>\n<meta name=\"twitter:label1\" content=\"Ansl. lesetid\" \/>\n\t<meta name=\"twitter:data1\" content=\"1 minutt\" \/>\n<script type=\"application\/ld+json\" class=\"yoast-schema-graph\">{\"@context\":\"https:\\\/\\\/schema.org\",\"@graph\":[{\"@type\":\"WebPage\",\"@id\":\"https:\\\/\\\/www.skabra.no\\\/?page_id=560\",\"url\":\"https:\\\/\\\/www.skabra.no\\\/?page_id=560\",\"name\":\"Skadedyrdagene - Skadedyrbedriftenes Bransjeorganisasjon\",\"isPartOf\":{\"@id\":\"https:\\\/\\\/www.skabra.no\\\/#website\"},\"datePublished\":\"2016-11-10T22:57:18+00:00\",\"dateModified\":\"2023-06-07T15:39:54+00:00\",\"breadcrumb\":{\"@id\":\"https:\\\/\\\/www.skabra.no\\\/?page_id=560#breadcrumb\"},\"inLanguage\":\"nb-NO\",\"potentialAction\":[{\"@type\":\"ReadAction\",\"target\":[\"https:\\\/\\\/www.skabra.no\\\/?page_id=560\"]}]},{\"@type\":\"BreadcrumbList\",\"@id\":\"https:\\\/\\\/www.skabra.no\\\/?page_id=560#breadcrumb\",\"itemListElement\":[{\"@type\":\"ListItem\",\"position\":1,\"name\":\"Om SkaBra\",\"item\":\"https:\\\/\\\/www.skabra.no\\\/?page_id=10\"},{\"@type\":\"ListItem\",\"position\":2,\"name\":\"Skadedyrdagene\"}]},{\"@type\":\"WebSite\",\"@id\":\"https:\\\/\\\/www.skabra.no\\\/#website\",\"url\":\"https:\\\/\\\/www.skabra.no\\\/\",\"name\":\"Skadedyrbedriftenes Bransjeorganisasjon\",\"description\":\"SKABRA setter milj\u00f8 og trygghet i fokus\",\"publisher\":{\"@id\":\"https:\\\/\\\/www.skabra.no\\\/#organization\"},\"potentialAction\":[{\"@type\":\"SearchAction\",\"target\":{\"@type\":\"EntryPoint\",\"urlTemplate\":\"https:\\\/\\\/www.skabra.no\\\/?s={search_term_string}\"},\"query-input\":{\"@type\":\"PropertyValueSpecification\",\"valueRequired\":true,\"valueName\":\"search_term_string\"}}],\"inLanguage\":\"nb-NO\"},{\"@type\":\"Organization\",\"@id\":\"https:\\\/\\\/www.skabra.no\\\/#organization\",\"name\":\"Skadedyrbedriftenes Bransjeorganisasjon\",\"url\":\"https:\\\/\\\/www.skabra.no\\\/\",\"logo\":{\"@type\":\"ImageObject\",\"inLanguage\":\"nb-NO\",\"@id\":\"https:\\\/\\\/www.skabra.no\\\/#\\\/schema\\\/logo\\\/image\\\/\",\"url\":\"https:\\\/\\\/www.skabra.no\\\/wp-content\\\/uploads\\\/2016\\\/05\\\/SkaBra_logo_RGB_125.png\",\"contentUrl\":\"https:\\\/\\\/www.skabra.no\\\/wp-content\\\/uploads\\\/2016\\\/05\\\/SkaBra_logo_RGB_125.png\",\"width\":125,\"height\":87,\"caption\":\"Skadedyrbedriftenes Bransjeorganisasjon\"},\"image\":{\"@id\":\"https:\\\/\\\/www.skabra.no\\\/#\\\/schema\\\/logo\\\/image\\\/\"}}]}<\/script>\n<!-- \/ Yoast SEO plugin. -->","yoast_head_json":{"title":"Skadedyrdagene - Skadedyrbedriftenes Bransjeorganisasjon","robots":{"index":"index","follow":"follow","max-snippet":"max-snippet:-1","max-image-preview":"max-image-preview:large","max-video-preview":"max-video-preview:-1"},"canonical":"https:\/\/www.skabra.no\/?page_id=560","og_locale":"nb_NO","og_type":"article","og_title":"Skadedyrdagene - Skadedyrbedriftenes Bransjeorganisasjon","og_description":"Et \u00e5rlig arrangement og m\u00f8testedFor skadedyrbekjempere, kommunene, Folkehelseinstituttet m.fl. er Skadedyrdagene blitt et \u00e5rlig arrangement og m\u00f8tepunkt b\u00e5de faglig og sosialt. Det er Skadedyrbedriftenes bransjeorganisasjon som st\u00e5r for arrangementet med&hellip;Les mer.....Skadedyrdagene","og_url":"https:\/\/www.skabra.no\/?page_id=560","og_site_name":"Skadedyrbedriftenes Bransjeorganisasjon","article_modified_time":"2023-06-07T15:39:54+00:00","twitter_card":"summary_large_image","twitter_misc":{"Ansl. lesetid":"1 minutt"},"schema":{"@context":"https:\/\/schema.org","@graph":[{"@type":"WebPage","@id":"https:\/\/www.skabra.no\/?page_id=560","url":"https:\/\/www.skabra.no\/?page_id=560","name":"Skadedyrdagene - Skadedyrbedriftenes Bransjeorganisasjon","isPartOf":{"@id":"https:\/\/www.skabra.no\/#website"},"datePublished":"2016-11-10T22:57:18+00:00","dateModified":"2023-06-07T15:39:54+00:00","breadcrumb":{"@id":"https:\/\/www.skabra.no\/?page_id=560#breadcrumb"},"inLanguage":"nb-NO","potentialAction":[{"@type":"ReadAction","target":["https:\/\/www.skabra.no\/?page_id=560"]}]},{"@type":"BreadcrumbList","@id":"https:\/\/www.skabra.no\/?page_id=560#breadcrumb","itemListElement":[{"@type":"ListItem","position":1,"name":"Om SkaBra","item":"https:\/\/www.skabra.no\/?page_id=10"},{"@type":"ListItem","position":2,"name":"Skadedyrdagene"}]},{"@type":"WebSite","@id":"https:\/\/www.skabra.no\/#website","url":"https:\/\/www.skabra.no\/","name":"Skadedyrbedriftenes Bransjeorganisasjon","description":"SKABRA setter milj\u00f8 og trygghet i fokus","publisher":{"@id":"https:\/\/www.skabra.no\/#organization"},"potentialAction":[{"@type":"SearchAction","target":{"@type":"EntryPoint","urlTemplate":"https:\/\/www.skabra.no\/?s={search_term_string}"},"query-input":{"@type":"PropertyValueSpecification","valueRequired":true,"valueName":"search_term_string"}}],"inLanguage":"nb-NO"},{"@type":"Organization","@id":"https:\/\/www.skabra.no\/#organization","name":"Skadedyrbedriftenes Bransjeorganisasjon","url":"https:\/\/www.skabra.no\/","logo":{"@type":"ImageObject","inLanguage":"nb-NO","@id":"https:\/\/www.skabra.no\/#\/schema\/logo\/image\/","url":"https:\/\/www.skabra.no\/wp-content\/uploads\/2016\/05\/SkaBra_logo_RGB_125.png","contentUrl":"https:\/\/www.skabra.no\/wp-content\/uploads\/2016\/05\/SkaBra_logo_RGB_125.png","width":125,"height":87,"caption":"Skadedyrbedriftenes Bransjeorganisasjon"},"image":{"@id":"https:\/\/www.skabra.no\/#\/schema\/logo\/image\/"}}]}},"_links":{"self":[{"href":"https:\/\/www.skabra.no\/index.php?rest_route=\/wp\/v2\/pages\/560","targetHints":{"allow":["GET"]}}],"collection":[{"href":"https:\/\/www.skabra.no\/index.php?rest_route=\/wp\/v2\/pages"}],"about":[{"href":"https:\/\/www.skabra.no\/index.php?rest_route=\/wp\/v2\/types\/page"}],"author":[{"embeddable":true,"href":"https:\/\/www.skabra.no\/index.php?rest_route=\/wp\/v2\/users\/5"}],"replies":[{"embeddable":true,"href":"https:\/\/www.skabra.no\/index.php?rest_route=%2Fwp%2Fv2%2Fcomments&post=560"}],"version-history":[{"count":8,"href":"https:\/\/www.skabra.no\/index.php?rest_route=\/wp\/v2\/pages\/560\/revisions"}],"predecessor-version":[{"id":1656,"href":"https:\/\/www.skabra.no\/index.php?rest_route=\/wp\/v2\/pages\/560\/revisions\/1656"}],"up":[{"embeddable":true,"href":"https:\/\/www.skabra.no\/index.php?rest_route=\/wp\/v2\/pages\/10"}],"wp:attachment":[{"href":"https:\/\/www.skabra.no\/index.php?rest_route=%2Fwp%2Fv2%2Fmedia&parent=560"}],"curies":[{"name":"wp","href":"https:\/\/api.w.org\/{rel}","templated":true}]}}