{"id":579,"date":"2016-12-17T23:51:13","date_gmt":"2016-12-17T22:51:13","guid":{"rendered":"https:\/\/www.skabra.no\/?page_id=579"},"modified":"2016-12-17T23:51:13","modified_gmt":"2016-12-17T22:51:13","slug":"informasjonskapsler-cookies","status":"publish","type":"page","link":"https:\/\/www.skabra.no\/?page_id=579","title":{"rendered":"Informasjonskapsler (cookies)"},"content":{"rendered":"<p>Denne nettsiden bruker informasjonskapsler (cookies). En cookie er en fil som lagres i din nettleser, og som gj\u00f8r at nettsiden kjenner igjen nettleseren fra gang til gang. B\u00e5de nettstedet og deres samarbeidspartnere kan benytte cookies.<\/p>\n<h3>Form\u00e5let med cookies er blant annet \u00e5<\/h3>\n<ul>\n<li>registrere og beregne trafikk og bruksm\u00f8nstre p\u00e5 nettstedet (statistikk)<\/li>\n<li>gj\u00f8re det mulig for nettstedet \u00e5 kjenne igjen faste bes\u00f8kende fra gang til gang og mellom nettsteder<\/li>\n<li>tilpasse innhold og funksjonalitet p\u00e5 nettstedet<\/li>\n<li>segmentere og m\u00e5lrette markedsf\u00f8ring, slik at annonsene er tilpasset den m\u00e5lgruppen som brukeren tilh\u00f8rer og irrelevant markedsf\u00f8ring kan reduseres<\/li>\n<li>utvikle og forbedre nettstedet<\/li>\n<\/ul>\n<p>En cookie inneholder ingen personlig informasjon, og kan ikke benyttes til \u00e5 identifisere brukeren.<br \/>\nVed \u00e5 g\u00e5 inn p\u00e5 nettstedet samtykker du til at det lagres cookies i din nettleser. Dersom du ikke \u00f8nsker at det lagres cookies, kan du endre innstillingene i nettleseren. Du kan ogs\u00e5 slette eksisterende cookies. Dersom du velger \u00e5 slette eller ikke akseptere cookies kan du oppleve redusert funksjonalitet p\u00e5 enkelte nettsteder.<\/p>\n","protected":false},"excerpt":{"rendered":"<p>Denne nettsiden bruker informasjonskapsler (cookies). En cookie er en fil som lagres i din nettleser, og som gj\u00f8r at nettsiden kjenner igjen nettleseren fra gang til gang. B\u00e5de nettstedet og&hellip;<a href=\"https:\/\/www.skabra.no\/?page_id=579\" class=\"more-link\"><span class=\"more-button\">Les mer&#8230;..<span class=\"screen-reader-text\">Informasjonskapsler (cookies)<\/span><\/span><\/a><\/p>\n","protected":false},"author":5,"featured_media":0,"parent":0,"menu_order":0,"comment_status":"closed","ping_status":"closed","template":"","meta":{"footnotes":""},"class_list":["post-579","page","type-page","status-publish","hentry"],"yoast_head":"<!-- This site is optimized with the Yoast SEO plugin v27.4 - https:\/\/yoast.com\/product\/yoast-seo-wordpress\/ -->\n<title>Informasjonskapsler (cookies) - Skadedyrbedriftenes Bransjeorganisasjon<\/title>\n<meta name=\"robots\" content=\"index, follow, max-snippet:-1, max-image-preview:large, max-video-preview:-1\" \/>\n<link rel=\"canonical\" href=\"https:\/\/www.skabra.no\/?page_id=579\" \/>\n<meta property=\"og:locale\" content=\"nb_NO\" \/>\n<meta property=\"og:type\" content=\"article\" \/>\n<meta property=\"og:title\" content=\"Informasjonskapsler (cookies) - Skadedyrbedriftenes Bransjeorganisasjon\" \/>\n<meta property=\"og:description\" content=\"Denne nettsiden bruker informasjonskapsler (cookies). En cookie er en fil som lagres i din nettleser, og som gj\u00f8r at nettsiden kjenner igjen nettleseren fra gang til gang. B\u00e5de nettstedet og&hellip;Les mer.....Informasjonskapsler (cookies)\" \/>\n<meta property=\"og:url\" content=\"https:\/\/www.skabra.no\/?page_id=579\" \/>\n<meta property=\"og:site_name\" content=\"Skadedyrbedriftenes Bransjeorganisasjon\" \/>\n<meta name=\"twitter:card\" content=\"summary_large_image\" \/>\n<meta name=\"twitter:label1\" content=\"Ansl. lesetid\" \/>\n\t<meta name=\"twitter:data1\" content=\"1 minutt\" \/>\n<script type=\"application\/ld+json\" class=\"yoast-schema-graph\">{\"@context\":\"https:\\\/\\\/schema.org\",\"@graph\":[{\"@type\":\"WebPage\",\"@id\":\"https:\\\/\\\/www.skabra.no\\\/?page_id=579\",\"url\":\"https:\\\/\\\/www.skabra.no\\\/?page_id=579\",\"name\":\"Informasjonskapsler (cookies) - Skadedyrbedriftenes Bransjeorganisasjon\",\"isPartOf\":{\"@id\":\"https:\\\/\\\/www.skabra.no\\\/#website\"},\"datePublished\":\"2016-12-17T22:51:13+00:00\",\"inLanguage\":\"nb-NO\",\"potentialAction\":[{\"@type\":\"ReadAction\",\"target\":[\"https:\\\/\\\/www.skabra.no\\\/?page_id=579\"]}]},{\"@type\":\"WebSite\",\"@id\":\"https:\\\/\\\/www.skabra.no\\\/#website\",\"url\":\"https:\\\/\\\/www.skabra.no\\\/\",\"name\":\"Skadedyrbedriftenes Bransjeorganisasjon\",\"description\":\"SKABRA setter milj\u00f8 og trygghet i fokus\",\"publisher\":{\"@id\":\"https:\\\/\\\/www.skabra.no\\\/#organization\"},\"potentialAction\":[{\"@type\":\"SearchAction\",\"target\":{\"@type\":\"EntryPoint\",\"urlTemplate\":\"https:\\\/\\\/www.skabra.no\\\/?s={search_term_string}\"},\"query-input\":{\"@type\":\"PropertyValueSpecification\",\"valueRequired\":true,\"valueName\":\"search_term_string\"}}],\"inLanguage\":\"nb-NO\"},{\"@type\":\"Organization\",\"@id\":\"https:\\\/\\\/www.skabra.no\\\/#organization\",\"name\":\"Skadedyrbedriftenes Bransjeorganisasjon\",\"url\":\"https:\\\/\\\/www.skabra.no\\\/\",\"logo\":{\"@type\":\"ImageObject\",\"inLanguage\":\"nb-NO\",\"@id\":\"https:\\\/\\\/www.skabra.no\\\/#\\\/schema\\\/logo\\\/image\\\/\",\"url\":\"https:\\\/\\\/www.skabra.no\\\/wp-content\\\/uploads\\\/2016\\\/05\\\/SkaBra_logo_RGB_125.png\",\"contentUrl\":\"https:\\\/\\\/www.skabra.no\\\/wp-content\\\/uploads\\\/2016\\\/05\\\/SkaBra_logo_RGB_125.png\",\"width\":125,\"height\":87,\"caption\":\"Skadedyrbedriftenes Bransjeorganisasjon\"},\"image\":{\"@id\":\"https:\\\/\\\/www.skabra.no\\\/#\\\/schema\\\/logo\\\/image\\\/\"}}]}<\/script>\n<!-- \/ Yoast SEO plugin. -->","yoast_head_json":{"title":"Informasjonskapsler (cookies) - Skadedyrbedriftenes Bransjeorganisasjon","robots":{"index":"index","follow":"follow","max-snippet":"max-snippet:-1","max-image-preview":"max-image-preview:large","max-video-preview":"max-video-preview:-1"},"canonical":"https:\/\/www.skabra.no\/?page_id=579","og_locale":"nb_NO","og_type":"article","og_title":"Informasjonskapsler (cookies) - Skadedyrbedriftenes Bransjeorganisasjon","og_description":"Denne nettsiden bruker informasjonskapsler (cookies). En cookie er en fil som lagres i din nettleser, og som gj\u00f8r at nettsiden kjenner igjen nettleseren fra gang til gang. B\u00e5de nettstedet og&hellip;Les mer.....Informasjonskapsler (cookies)","og_url":"https:\/\/www.skabra.no\/?page_id=579","og_site_name":"Skadedyrbedriftenes Bransjeorganisasjon","twitter_card":"summary_large_image","twitter_misc":{"Ansl. lesetid":"1 minutt"},"schema":{"@context":"https:\/\/schema.org","@graph":[{"@type":"WebPage","@id":"https:\/\/www.skabra.no\/?page_id=579","url":"https:\/\/www.skabra.no\/?page_id=579","name":"Informasjonskapsler (cookies) - Skadedyrbedriftenes Bransjeorganisasjon","isPartOf":{"@id":"https:\/\/www.skabra.no\/#website"},"datePublished":"2016-12-17T22:51:13+00:00","inLanguage":"nb-NO","potentialAction":[{"@type":"ReadAction","target":["https:\/\/www.skabra.no\/?page_id=579"]}]},{"@type":"WebSite","@id":"https:\/\/www.skabra.no\/#website","url":"https:\/\/www.skabra.no\/","name":"Skadedyrbedriftenes Bransjeorganisasjon","description":"SKABRA setter milj\u00f8 og trygghet i fokus","publisher":{"@id":"https:\/\/www.skabra.no\/#organization"},"potentialAction":[{"@type":"SearchAction","target":{"@type":"EntryPoint","urlTemplate":"https:\/\/www.skabra.no\/?s={search_term_string}"},"query-input":{"@type":"PropertyValueSpecification","valueRequired":true,"valueName":"search_term_string"}}],"inLanguage":"nb-NO"},{"@type":"Organization","@id":"https:\/\/www.skabra.no\/#organization","name":"Skadedyrbedriftenes Bransjeorganisasjon","url":"https:\/\/www.skabra.no\/","logo":{"@type":"ImageObject","inLanguage":"nb-NO","@id":"https:\/\/www.skabra.no\/#\/schema\/logo\/image\/","url":"https:\/\/www.skabra.no\/wp-content\/uploads\/2016\/05\/SkaBra_logo_RGB_125.png","contentUrl":"https:\/\/www.skabra.no\/wp-content\/uploads\/2016\/05\/SkaBra_logo_RGB_125.png","width":125,"height":87,"caption":"Skadedyrbedriftenes Bransjeorganisasjon"},"image":{"@id":"https:\/\/www.skabra.no\/#\/schema\/logo\/image\/"}}]}},"_links":{"self":[{"href":"https:\/\/www.skabra.no\/index.php?rest_route=\/wp\/v2\/pages\/579","targetHints":{"allow":["GET"]}}],"collection":[{"href":"https:\/\/www.skabra.no\/index.php?rest_route=\/wp\/v2\/pages"}],"about":[{"href":"https:\/\/www.skabra.no\/index.php?rest_route=\/wp\/v2\/types\/page"}],"author":[{"embeddable":true,"href":"https:\/\/www.skabra.no\/index.php?rest_route=\/wp\/v2\/users\/5"}],"replies":[{"embeddable":true,"href":"https:\/\/www.skabra.no\/index.php?rest_route=%2Fwp%2Fv2%2Fcomments&post=579"}],"version-history":[{"count":0,"href":"https:\/\/www.skabra.no\/index.php?rest_route=\/wp\/v2\/pages\/579\/revisions"}],"wp:attachment":[{"href":"https:\/\/www.skabra.no\/index.php?rest_route=%2Fwp%2Fv2%2Fmedia&parent=579"}],"curies":[{"name":"wp","href":"https:\/\/api.w.org\/{rel}","templated":true}]}}